{"id":243474,"date":"2025-05-27T10:03:53","date_gmt":"2025-05-27T15:03:53","guid":{"rendered":"https:\/\/sanvicente.edu.pe\/inicio\/?page_id=243474"},"modified":"2025-05-28T16:06:34","modified_gmt":"2025-05-28T21:06:34","slug":"matricula","status":"publish","type":"page","link":"https:\/\/sanvicente.edu.pe\/inicio\/matricula\/","title":{"rendered":"Matricula"},"content":{"rendered":"\n<div class=\"wp-block-uagb-container uagb-block-33865700 alignfull uagb-is-root-container\"><div class=\"uagb-container-inner-blocks-wrap\">\n<div class=\"wp-block-uagb-separator uagb-block-a9bb2f64\"><div class=\"uagb-separator-spacing-wrapper\"><div class=\"wp-block-uagb-separator__inner\" style=\"--my-background-image:\"><\/div><\/div><\/div>\n<\/div><\/div>\n\n\n\n<div class=\"wp-block-uagb-container uagb-block-uropgk0s alignfull uagb-is-root-container\"><div class=\"uagb-container-inner-blocks-wrap\">\n<div class=\"wp-block-uagb-info-box uagb-block-khqaqwqh uagb-infobox__content-wrap  uagb-infobox-icon-above-title uagb-infobox-image-valign-top\"><div class=\"uagb-ifb-content\"><div class=\"uagb-ifb-title-wrap\"><h2 class=\"uagb-ifb-title\">Proceso de matr\u00edcula 2026<\/h2><\/div><p class=\"uagb-ifb-desc\">Para realizar la matr\u00edcula de manera correcta y oportuna, es fundamental considerar los siguientes pasos, los cuales garantizan un proceso ordenado y transparente:<\/p><\/div><\/div>\n\n\n\n<div class=\"wp-block-uagb-container uagb-layout-grid uagb-block-x2ph0f8x\">\n<div class=\"wp-block-uagb-container uagb-layout-flex uagb-block-pevtihfd\">\n<div class=\"wp-block-uagb-info-box uagb-block-odlrtw7r uagb-infobox__content-wrap  uagb-infobox-icon-above-title uagb-infobox-image-valign-top\"><div class=\"uagb-ifb-content\"><div class=\"uagb-ifb-title-wrap\"><h3 class=\"uagb-ifb-title\">ADMISI\u00d3N <br>Traslado de matr\u00edcula (ingreso)<\/h3><\/div><p class=\"uagb-ifb-desc\">Se atiende a acuerdo a la disponibilidad de vacantes seg\u00fan el grado y nivel de estudio.<br>Consultar en la Oficina de Secretar\u00eda.<\/p><\/div><\/div>\n\n\n\n<h4 class=\"wp-block-heading has-text-align-center\">Presentar<\/h4>\n\n\n\n<ul class=\"wp-block-list\">\n<li>Solicitud de admisi\u00f3n firmada por los padres o titular de la patria potestad (formato se le entrega en secretar\u00eda).<\/li>\n\n\n\n<li>Copia de DNI de los padres<\/li>\n\n\n\n<li>Copia de DNI del\/la estudiante.<\/li>\n<\/ul>\n<\/div>\n\n\n\n<div class=\"wp-block-uagb-container uagb-block-pmtdc6a8\">\n<div class=\"wp-block-uagb-info-box uagb-block-mzglri6z uagb-infobox__content-wrap  uagb-infobox-icon-above-title uagb-infobox-image-valign-top\"><div class=\"uagb-ifb-content\"><div class=\"uagb-ifb-title-wrap\"><h3 class=\"uagb-ifb-title\">TRASLADO DE MATR\u00cdCULA (SALIDA)<br><strong>Lo realiza el Padre\/Madre o titular de la patria potestad<\/strong><\/h3><\/div><\/div><\/div>\n\n\n\n<h4 class=\"wp-block-heading has-text-align-center\">Presentar<\/h4>\n\n\n\n<ul class=\"wp-block-list\">\n<li>FUT (formulario \u00fanico de tr\u00e1mite) se recaba en secretar\u00eda.<\/li>\n\n\n\n<li>Constancia de vacante expedida por la IIEE donde continuar\u00e1 estudios.<\/li>\n\n\n\n<li>Copia de DNI del Padre\/Madre o titular de la patria potestad.<\/li>\n<\/ul>\n<\/div>\n\n\n\n<div class=\"wp-block-uagb-container uagb-block-mplgoet1\">\n<div class=\"wp-block-uagb-info-box uagb-block-cojmg6ko uagb-infobox__content-wrap  uagb-infobox-icon-above-title uagb-infobox-image-valign-top\"><div class=\"uagb-ifb-content\"><div class=\"uagb-ifb-title-wrap\"><h3 class=\"uagb-ifb-title\">CONSTANCIAS<br><strong>Lo realiza el Padre\/Madre o titular de la patria potestad<\/strong><\/h3><\/div><\/div><\/div>\n\n\n\n<h4 class=\"wp-block-heading has-text-align-center\">Presentar<\/h4>\n\n\n\n<ul class=\"wp-block-list\">\n<li>FUT (formulario \u00fanico de tr\u00e1mite) se recaba en secretar\u00eda.<\/li>\n\n\n\n<li>Copia de DNI del Padre\/Madre o titular de la patria potestad.<\/li>\n<\/ul>\n<\/div>\n\n\n\n<div class=\"wp-block-uagb-container uagb-block-uxmrkm1s\">\n<div class=\"wp-block-uagb-info-box uagb-block-bpxab4g5 uagb-infobox__content-wrap  uagb-infobox-icon-above-title uagb-infobox-image-valign-top\"><div class=\"uagb-ifb-content\"><div class=\"uagb-ifb-title-wrap\"><h3 class=\"uagb-ifb-title\">CERTIFICADO DE ESTUDIOS<\/h3><\/div><\/div><\/div>\n\n\n\n<ul class=\"wp-block-list\">\n<li>En el caso de menores de edad lo realiza el Padre\/Madre o titular de la patria potestad<\/li>\n\n\n\n<li>Para personas mayores lo realiza el titular del certificado.<\/li>\n<\/ul>\n\n\n\n<h4 class=\"wp-block-heading has-text-align-center\">Presentar<\/h4>\n\n\n\n<ul class=\"wp-block-list\">\n<li>FUT (formulario \u00fanico de tr\u00e1mite) se recaba en secretar\u00eda.<\/li>\n\n\n\n<li>Copia de DNI del titular del certificado.<\/li>\n<\/ul>\n\n\n\n<div class=\"wp-block-uagb-info-box uagb-block-695981fd uagb-infobox__content-wrap  uagb-infobox-icon-above-title uagb-infobox-image-valign-top\"><div class=\"uagb-ifb-content\"><div class=\"uagb-ifb-title-wrap\"><h3 class=\"uagb-ifb-title\">En caso el tr\u00e1mite lo realice otra persona, adem\u00e1s debe adjuntar:<\/h3><\/div><\/div><\/div>\n\n\n\n<ul class=\"wp-block-list\">\n<li>Carta poder simple otorgado por el titular del certificado a la persona que va a realizar el tr\u00e1mite.<\/li>\n\n\n\n<li>Copia de DNI de la persona que va a realizar el tr\u00e1mite.<\/li>\n<\/ul>\n<\/div>\n<\/div>\n<\/div><\/div>\n\n\n\n<div class=\"wp-block-uagb-container uagb-layout-grid uagb-block-d17d52f5 alignfull uagb-is-root-container\"><div class=\"uagb-container-inner-blocks-wrap\">\n<div class=\"wp-block-uagb-image uagb-block-f5c79397 wp-block-uagb-image--layout-default wp-block-uagb-image--effect-static wp-block-uagb-image--align-none uag-hide-mob\"><figure class=\"wp-block-uagb-image__figure\"><img decoding=\"async\" srcset=\"https:\/\/sanvicente.edu.pe\/inicio\/wp-content\/uploads\/2025\/05\/Foot_1-1024x683.jpg ,https:\/\/sanvicente.edu.pe\/inicio\/wp-content\/uploads\/2025\/05\/Foot_1.jpg 780w, https:\/\/sanvicente.edu.pe\/inicio\/wp-content\/uploads\/2025\/05\/Foot_1.jpg 360w\" sizes=\"auto, (max-width: 480px) 150px\" src=\"https:\/\/sanvicente.edu.pe\/inicio\/wp-content\/uploads\/2025\/05\/Foot_1-1024x683.jpg\" alt=\"\" class=\"uag-image-243299\" width=\"180\" height=\"180\" title=\"Foot_1\" loading=\"lazy\" role=\"img\"\/><\/figure><\/div>\n\n\n\n<div class=\"wp-block-uagb-info-box uagb-block-e0e0877b uagb-infobox__content-wrap  uagb-infobox-icon-above-title uagb-infobox-image-valign-top wp-block-uagb-info-box--has-margin\"><div class=\"uagb-infobox-margin-wrapper\"><div class=\"uagb-ifb-content\"><div class=\"uagb-ifb-title-wrap\"><h2 class=\"uagb-ifb-title\">\u00a1Inscribete hoy y asegura el futuro de tu hijo!<\/h2><\/div><p class=\"uagb-ifb-desc\">No pierdas la oportunidad de ofrecer la mejor educaci\u00f3n y desarrollo personal a tus hijos en un ambiente seguro y estimulante.<\/p><div class=\"uagb-ifb-button-wrapper wp-block-button\"><a href=\"https:\/\/sanvicente.edu.pe\/inicio\/contact\/\" class=\"uagb-infobox-cta-link wp-block-button__link\" target=\"_self\" rel=\"noopener noreferrer\" onclick=\"return true;\"><span class=\"uagb-inline-editing\">Cont\u00e1ctanos ahora<\/span><\/a><\/div><\/div><\/div><\/div>\n\n\n\n<div class=\"wp-block-uagb-image aligncenter uagb-block-7baf2f18 wp-block-uagb-image--layout-default wp-block-uagb-image--effect-static wp-block-uagb-image--align-center uag-hide-mob\"><figure class=\"wp-block-uagb-image__figure\"><img decoding=\"async\" srcset=\"https:\/\/sanvicente.edu.pe\/inicio\/wp-content\/uploads\/2025\/05\/Foot_2-1024x1024.jpg ,https:\/\/sanvicente.edu.pe\/inicio\/wp-content\/uploads\/2025\/05\/Foot_2.jpg 780w, https:\/\/sanvicente.edu.pe\/inicio\/wp-content\/uploads\/2025\/05\/Foot_2.jpg 360w\" sizes=\"auto, (max-width: 480px) 150px\" src=\"https:\/\/sanvicente.edu.pe\/inicio\/wp-content\/uploads\/2025\/05\/Foot_2-1024x1024.jpg\" alt=\"\" class=\"uag-image-243300\" width=\"180\" height=\"180\" title=\"Foot_2\" loading=\"lazy\" role=\"img\"\/><\/figure><\/div>\n<\/div><\/div>\n","protected":false},"excerpt":{"rendered":"<p>Presentar Presentar Presentar Presentar<\/p>\n","protected":false},"author":1,"featured_media":0,"parent":0,"menu_order":0,"comment_status":"closed","ping_status":"closed","template":"","meta":{"_uag_custom_page_level_css":"","site-sidebar-layout":"default","site-content-layout":"","ast-site-content-layout":"","site-content-style":"default","site-sidebar-style":"default","ast-global-header-display":"","ast-banner-title-visibility":"","ast-main-header-display":"","ast-hfb-above-header-display":"","ast-hfb-below-header-display":"","ast-hfb-mobile-header-display":"","site-post-title":"disabled","ast-breadcrumbs-content":"","ast-featured-img":"","footer-sml-layout":"","ast-disable-related-posts":"","theme-transparent-header-meta":"","adv-header-id-meta":"","stick-header-meta":"","header-above-stick-meta":"","header-main-stick-meta":"","header-below-stick-meta":"","astra-migrate-meta-layouts":"default","ast-page-background-enabled":"default","ast-page-background-meta":{"desktop":{"background-color":"var(--ast-global-color-4)","background-image":"","background-repeat":"repeat","background-position":"center center","background-size":"auto","background-attachment":"scroll","background-type":"","background-media":"","overlay-type":"","overlay-color":"","overlay-opacity":"","overlay-gradient":""},"tablet":{"background-color":"","background-image":"","background-repeat":"repeat","background-position":"center center","background-size":"auto","background-attachment":"scroll","background-type":"","background-media":"","overlay-type":"","overlay-color":"","overlay-opacity":"","overlay-gradient":""},"mobile":{"background-color":"","background-image":"","background-repeat":"repeat","background-position":"center center","background-size":"auto","background-attachment":"scroll","background-type":"","background-media":"","overlay-type":"","overlay-color":"","overlay-opacity":"","overlay-gradient":""}},"ast-content-background-meta":{"desktop":{"background-color":"var(--ast-global-color-5)","background-image":"","background-repeat":"repeat","background-position":"center center","background-size":"auto","background-attachment":"scroll","background-type":"","background-media":"","overlay-type":"","overlay-color":"","overlay-opacity":"","overlay-gradient":""},"tablet":{"background-color":"var(--ast-global-color-5)","background-image":"","background-repeat":"repeat","background-position":"center center","background-size":"auto","background-attachment":"scroll","background-type":"","background-media":"","overlay-type":"","overlay-color":"","overlay-opacity":"","overlay-gradient":""},"mobile":{"background-color":"var(--ast-global-color-5)","background-image":"","background-repeat":"repeat","background-position":"center center","background-size":"auto","background-attachment":"scroll","background-type":"","background-media":"","overlay-type":"","overlay-color":"","overlay-opacity":"","overlay-gradient":""}},"footnotes":""},"class_list":["post-243474","page","type-page","status-publish","hentry"],"uagb_featured_image_src":{"full":false,"thumbnail":false,"medium":false,"medium_large":false,"large":false,"1536x1536":false,"2048x2048":false},"uagb_author_info":{"display_name":"admin","author_link":"https:\/\/sanvicente.edu.pe\/inicio\/author\/admin_sv\/"},"uagb_comment_info":0,"uagb_excerpt":"Presentar Presentar Presentar Presentar","_links":{"self":[{"href":"https:\/\/sanvicente.edu.pe\/inicio\/wp-json\/wp\/v2\/pages\/243474","targetHints":{"allow":["GET"]}}],"collection":[{"href":"https:\/\/sanvicente.edu.pe\/inicio\/wp-json\/wp\/v2\/pages"}],"about":[{"href":"https:\/\/sanvicente.edu.pe\/inicio\/wp-json\/wp\/v2\/types\/page"}],"author":[{"embeddable":true,"href":"https:\/\/sanvicente.edu.pe\/inicio\/wp-json\/wp\/v2\/users\/1"}],"replies":[{"embeddable":true,"href":"https:\/\/sanvicente.edu.pe\/inicio\/wp-json\/wp\/v2\/comments?post=243474"}],"version-history":[{"count":39,"href":"https:\/\/sanvicente.edu.pe\/inicio\/wp-json\/wp\/v2\/pages\/243474\/revisions"}],"predecessor-version":[{"id":243665,"href":"https:\/\/sanvicente.edu.pe\/inicio\/wp-json\/wp\/v2\/pages\/243474\/revisions\/243665"}],"wp:attachment":[{"href":"https:\/\/sanvicente.edu.pe\/inicio\/wp-json\/wp\/v2\/media?parent=243474"}],"curies":[{"name":"wp","href":"https:\/\/api.w.org\/{rel}","templated":true}]}}