{"id":243427,"date":"2025-05-26T17:41:53","date_gmt":"2025-05-26T22:41:53","guid":{"rendered":"https:\/\/sanvicente.edu.pe\/inicio\/?page_id=243427"},"modified":"2025-05-29T11:39:01","modified_gmt":"2025-05-29T16:39:01","slug":"tutoriales","status":"publish","type":"page","link":"https:\/\/sanvicente.edu.pe\/inicio\/tutoriales\/","title":{"rendered":"Tutoriales"},"content":{"rendered":"\n<div class=\"wp-block-uagb-container uagb-layout-flex uagb-block-1eghnemb alignfull uagb-is-root-container\"><div class=\"uagb-container-inner-blocks-wrap\"><\/div><\/div>\n\n\n\n<div class=\"wp-block-uagb-container uagb-block-lbidyqin alignfull uagb-is-root-container\"><div class=\"uagb-container-inner-blocks-wrap\">\n<div class=\"wp-block-uagb-info-box uagb-block-ynviinp7 uagb-infobox__content-wrap  uagb-infobox-icon-above-title uagb-infobox-image-valign-top\"><div class=\"uagb-ifb-content\"><div class=\"uagb-ifb-title-wrap\"><h2 class=\"uagb-ifb-title\">Tutoriales YOUTUBE<\/h2><\/div><p class=\"uagb-ifb-desc\">Los tutoriales y referencias est\u00e1n dise\u00f1ados para que los padres de familia y alumnos puedan conocer en detalle las actividades, as\u00ed como otros procedimientos necesarios, de esta manera seguir en tiempo real las actualizaciones de la instituci\u00f3n educativa a trav\u00e9s de SIEWEB y nuestras diversas redes sociales.<\/p><\/div><\/div>\n\n\n\n<div class=\"wp-block-uagb-container uagb-layout-grid uagb-block-e5dkqh5n\">\n<figure class=\"wp-block-embed is-type-video is-provider-youtube wp-block-embed-youtube wp-embed-aspect-16-9 wp-has-aspect-ratio\"><div class=\"wp-block-embed__wrapper\">\n<iframe loading=\"lazy\" title=\"\ud83c\udf1f \u00a1Simplificamos el Pago de Pensiones para Ti! \ud83c\udf1f\" width=\"500\" height=\"281\" src=\"https:\/\/www.youtube.com\/embed\/QjYJOX5D51Q?feature=oembed\" frameborder=\"0\" allow=\"accelerometer; autoplay; clipboard-write; encrypted-media; gyroscope; picture-in-picture; web-share\" referrerpolicy=\"strict-origin-when-cross-origin\" allowfullscreen><\/iframe>\n<\/div><\/figure>\n\n\n\n<figure class=\"wp-block-embed is-type-video is-provider-youtube wp-block-embed-youtube wp-embed-aspect-16-9 wp-has-aspect-ratio\"><div class=\"wp-block-embed__wrapper\">\n<iframe loading=\"lazy\" title=\"TUTORIAL DE PROCESO DE MATR\u00cdCULA 2025\" width=\"500\" height=\"281\" src=\"https:\/\/www.youtube.com\/embed\/PDp9OS0AIj4?feature=oembed\" frameborder=\"0\" allow=\"accelerometer; autoplay; clipboard-write; encrypted-media; gyroscope; picture-in-picture; web-share\" referrerpolicy=\"strict-origin-when-cross-origin\" allowfullscreen><\/iframe>\n<\/div><\/figure>\n<\/div>\n<\/div><\/div>\n\n\n\n<div class=\"wp-block-uagb-container uagb-layout-grid uagb-block-d17d52f5 alignfull uagb-is-root-container\"><div class=\"uagb-container-inner-blocks-wrap\">\n<div class=\"wp-block-uagb-image uagb-block-f5c79397 wp-block-uagb-image--layout-default wp-block-uagb-image--effect-static wp-block-uagb-image--align-none uag-hide-mob\"><figure class=\"wp-block-uagb-image__figure\"><img decoding=\"async\" srcset=\"https:\/\/sanvicente.edu.pe\/inicio\/wp-content\/uploads\/2025\/05\/Foot_1-1024x683.jpg ,https:\/\/sanvicente.edu.pe\/inicio\/wp-content\/uploads\/2025\/05\/Foot_1.jpg 780w, https:\/\/sanvicente.edu.pe\/inicio\/wp-content\/uploads\/2025\/05\/Foot_1.jpg 360w\" sizes=\"auto, (max-width: 480px) 150px\" src=\"https:\/\/sanvicente.edu.pe\/inicio\/wp-content\/uploads\/2025\/05\/Foot_1-1024x683.jpg\" alt=\"\" class=\"uag-image-243299\" width=\"180\" height=\"180\" title=\"Foot_1\" loading=\"lazy\" role=\"img\"\/><\/figure><\/div>\n\n\n\n<div class=\"wp-block-uagb-info-box uagb-block-e0e0877b uagb-infobox__content-wrap  uagb-infobox-icon-above-title uagb-infobox-image-valign-top wp-block-uagb-info-box--has-margin\"><div class=\"uagb-infobox-margin-wrapper\"><div class=\"uagb-ifb-content\"><div class=\"uagb-ifb-title-wrap\"><h2 class=\"uagb-ifb-title\">\u00a1Inscribete hoy y asegura el futuro de tu hijo!<\/h2><\/div><p class=\"uagb-ifb-desc\">No pierdas la oportunidad de ofrecer la mejor educaci\u00f3n y desarrollo personal a tus hijos en un ambiente seguro y estimulante.<\/p><div class=\"uagb-ifb-button-wrapper wp-block-button\"><a href=\"https:\/\/sanvicente.edu.pe\/inicio\/contact\/\" class=\"uagb-infobox-cta-link wp-block-button__link\" target=\"_self\" rel=\"noopener noreferrer\" onclick=\"return true;\"><span class=\"uagb-inline-editing\">Cont\u00e1ctanos ahora<\/span><\/a><\/div><\/div><\/div><\/div>\n\n\n\n<div class=\"wp-block-uagb-image aligncenter uagb-block-7baf2f18 wp-block-uagb-image--layout-default wp-block-uagb-image--effect-static wp-block-uagb-image--align-center uag-hide-mob\"><figure class=\"wp-block-uagb-image__figure\"><img decoding=\"async\" srcset=\"https:\/\/sanvicente.edu.pe\/inicio\/wp-content\/uploads\/2025\/05\/Foot_2-1024x1024.jpg ,https:\/\/sanvicente.edu.pe\/inicio\/wp-content\/uploads\/2025\/05\/Foot_2.jpg 780w, https:\/\/sanvicente.edu.pe\/inicio\/wp-content\/uploads\/2025\/05\/Foot_2.jpg 360w\" sizes=\"auto, (max-width: 480px) 150px\" src=\"https:\/\/sanvicente.edu.pe\/inicio\/wp-content\/uploads\/2025\/05\/Foot_2-1024x1024.jpg\" alt=\"\" class=\"uag-image-243300\" width=\"180\" height=\"180\" title=\"Foot_2\" loading=\"lazy\" role=\"img\"\/><\/figure><\/div>\n<\/div><\/div>\n","protected":false},"excerpt":{"rendered":"","protected":false},"author":1,"featured_media":0,"parent":0,"menu_order":0,"comment_status":"closed","ping_status":"closed","template":"","meta":{"_uag_custom_page_level_css":"","site-sidebar-layout":"default","site-content-layout":"","ast-site-content-layout":"","site-content-style":"default","site-sidebar-style":"default","ast-global-header-display":"","ast-banner-title-visibility":"","ast-main-header-display":"","ast-hfb-above-header-display":"","ast-hfb-below-header-display":"","ast-hfb-mobile-header-display":"","site-post-title":"disabled","ast-breadcrumbs-content":"","ast-featured-img":"","footer-sml-layout":"","ast-disable-related-posts":"","theme-transparent-header-meta":"","adv-header-id-meta":"","stick-header-meta":"","header-above-stick-meta":"","header-main-stick-meta":"","header-below-stick-meta":"","astra-migrate-meta-layouts":"default","ast-page-background-enabled":"default","ast-page-background-meta":{"desktop":{"background-color":"var(--ast-global-color-4)","background-image":"","background-repeat":"repeat","background-position":"center center","background-size":"auto","background-attachment":"scroll","background-type":"","background-media":"","overlay-type":"","overlay-color":"","overlay-opacity":"","overlay-gradient":""},"tablet":{"background-color":"","background-image":"","background-repeat":"repeat","background-position":"center center","background-size":"auto","background-attachment":"scroll","background-type":"","background-media":"","overlay-type":"","overlay-color":"","overlay-opacity":"","overlay-gradient":""},"mobile":{"background-color":"","background-image":"","background-repeat":"repeat","background-position":"center center","background-size":"auto","background-attachment":"scroll","background-type":"","background-media":"","overlay-type":"","overlay-color":"","overlay-opacity":"","overlay-gradient":""}},"ast-content-background-meta":{"desktop":{"background-color":"var(--ast-global-color-5)","background-image":"","background-repeat":"repeat","background-position":"center center","background-size":"auto","background-attachment":"scroll","background-type":"","background-media":"","overlay-type":"","overlay-color":"","overlay-opacity":"","overlay-gradient":""},"tablet":{"background-color":"var(--ast-global-color-5)","background-image":"","background-repeat":"repeat","background-position":"center center","background-size":"auto","background-attachment":"scroll","background-type":"","background-media":"","overlay-type":"","overlay-color":"","overlay-opacity":"","overlay-gradient":""},"mobile":{"background-color":"var(--ast-global-color-5)","background-image":"","background-repeat":"repeat","background-position":"center center","background-size":"auto","background-attachment":"scroll","background-type":"","background-media":"","overlay-type":"","overlay-color":"","overlay-opacity":"","overlay-gradient":""}},"footnotes":""},"class_list":["post-243427","page","type-page","status-publish","hentry"],"uagb_featured_image_src":{"full":false,"thumbnail":false,"medium":false,"medium_large":false,"large":false,"1536x1536":false,"2048x2048":false},"uagb_author_info":{"display_name":"admin","author_link":"https:\/\/sanvicente.edu.pe\/inicio\/author\/admin_sv\/"},"uagb_comment_info":0,"uagb_excerpt":null,"_links":{"self":[{"href":"https:\/\/sanvicente.edu.pe\/inicio\/wp-json\/wp\/v2\/pages\/243427","targetHints":{"allow":["GET"]}}],"collection":[{"href":"https:\/\/sanvicente.edu.pe\/inicio\/wp-json\/wp\/v2\/pages"}],"about":[{"href":"https:\/\/sanvicente.edu.pe\/inicio\/wp-json\/wp\/v2\/types\/page"}],"author":[{"embeddable":true,"href":"https:\/\/sanvicente.edu.pe\/inicio\/wp-json\/wp\/v2\/users\/1"}],"replies":[{"embeddable":true,"href":"https:\/\/sanvicente.edu.pe\/inicio\/wp-json\/wp\/v2\/comments?post=243427"}],"version-history":[{"count":22,"href":"https:\/\/sanvicente.edu.pe\/inicio\/wp-json\/wp\/v2\/pages\/243427\/revisions"}],"predecessor-version":[{"id":243735,"href":"https:\/\/sanvicente.edu.pe\/inicio\/wp-json\/wp\/v2\/pages\/243427\/revisions\/243735"}],"wp:attachment":[{"href":"https:\/\/sanvicente.edu.pe\/inicio\/wp-json\/wp\/v2\/media?parent=243427"}],"curies":[{"name":"wp","href":"https:\/\/api.w.org\/{rel}","templated":true}]}}