{"id":243050,"date":"2025-05-23T12:03:49","date_gmt":"2025-05-23T17:03:49","guid":{"rendered":"https:\/\/sanvicente.edu.pe\/inicio\/?page_id=243050"},"modified":"2025-05-30T10:12:28","modified_gmt":"2025-05-30T15:12:28","slug":"biblioteca","status":"publish","type":"page","link":"https:\/\/sanvicente.edu.pe\/inicio\/biblioteca\/","title":{"rendered":"Biblioteca"},"content":{"rendered":"\n<div class=\"wp-block-uagb-container uagb-block-uf5o1jpm alignfull uagb-is-root-container\"><div class=\"uagb-container-inner-blocks-wrap\">\n<div class=\"wp-block-uagb-container uagb-block-yaamikcl\">\n<div class=\"wp-block-uagb-info-box uagb-block-pn2uxz93 uagb-infobox__content-wrap  uagb-infobox-icon-above-title uagb-infobox-image-valign-top\"><div class=\"uagb-ifb-content\"><div class=\"uagb-ifb-title-wrap\"><h1 class=\"uagb-ifb-title\">Mis referencias de biblioteca virtual<\/h1><\/div><p class=\"uagb-ifb-desc\">En esta secci\u00f3n encontrar\u00e1s enlaces directos a recursos que facilitan el aprendizaje y la lectura. Para acceder a los libros, consulta los siguientes contenidos<\/p><\/div><\/div>\n<\/div>\n\n\n\n<div class=\"wp-block-uagb-container uagb-block-fkcadxzn\">\n<div class=\"wp-block-uagb-image alignleft uagb-block-8h5p5yhl wp-block-uagb-image--layout-default wp-block-uagb-image--effect-static wp-block-uagb-image--align-left\"><figure class=\"wp-block-uagb-image__figure\"><img decoding=\"async\" srcset=\"https:\/\/sanvicente.edu.pe\/inicio\/wp-content\/uploads\/2025\/05\/cG5n.webp ,https:\/\/sanvicente.edu.pe\/inicio\/wp-content\/uploads\/2025\/05\/cG5n.webp 780w, https:\/\/sanvicente.edu.pe\/inicio\/wp-content\/uploads\/2025\/05\/cG5n.webp 360w\" sizes=\"auto, (max-width: 480px) 150px\" src=\"https:\/\/sanvicente.edu.pe\/inicio\/wp-content\/uploads\/2025\/05\/cG5n.webp\" alt=\"\" class=\"uag-image-243090\" width=\"270\" height=\"360\" title=\"cG5n\" loading=\"lazy\" role=\"img\"\/><\/figure><\/div>\n\n\n\n<div class=\"wp-block-uagb-image alignleft uagb-block-gvkf4wuk wp-block-uagb-image--layout-default wp-block-uagb-image--effect-static wp-block-uagb-image--align-left\"><figure class=\"wp-block-uagb-image__figure\"><img decoding=\"async\" srcset=\"https:\/\/sanvicente.edu.pe\/inicio\/wp-content\/uploads\/2025\/05\/dGVyMzE1LnBuZw.webp ,https:\/\/sanvicente.edu.pe\/inicio\/wp-content\/uploads\/2025\/05\/dGVyMzE1LnBuZw.webp 780w, https:\/\/sanvicente.edu.pe\/inicio\/wp-content\/uploads\/2025\/05\/dGVyMzE1LnBuZw.webp 360w\" sizes=\"auto, (max-width: 480px) 150px\" src=\"https:\/\/sanvicente.edu.pe\/inicio\/wp-content\/uploads\/2025\/05\/dGVyMzE1LnBuZw.webp\" alt=\"\" class=\"uag-image-243092\" width=\"270\" height=\"360\" title=\"dGVyMzE1LnBuZw\" loading=\"lazy\" role=\"img\"\/><\/figure><\/div>\n<\/div>\n<\/div><\/div>\n\n\n\n<div class=\"wp-block-uagb-separator uagb-block-1934bb5a\"><div class=\"uagb-separator-spacing-wrapper\"><div class=\"wp-block-uagb-separator__inner\" style=\"--my-background-image:\"><\/div><\/div><\/div>\n\n\n\n<div class=\"wp-block-uagb-container uagb-block-cxuxfc74 alignfull uagb-is-root-container\"><div class=\"uagb-container-inner-blocks-wrap\">\n<div class=\"wp-block-uagb-container uagb-block-sjgzp1rj\">\n<div class=\"wp-block-uagb-container uagb-layout-grid uagb-block-6084e32a\">\n<div class=\"wp-block-uagb-image alignleft uagb-block-526e1ab0 wp-block-uagb-image--layout-default wp-block-uagb-image--effect-static wp-block-uagb-image--align-left\"><figure class=\"wp-block-uagb-image__figure\"><img decoding=\"async\" srcset=\"https:\/\/sanvicente.edu.pe\/inicio\/wp-content\/uploads\/2025\/05\/Biblioteca_unsm-1024x316.png ,https:\/\/sanvicente.edu.pe\/inicio\/wp-content\/uploads\/2025\/05\/Biblioteca_unsm.png 780w, https:\/\/sanvicente.edu.pe\/inicio\/wp-content\/uploads\/2025\/05\/Biblioteca_unsm.png 360w\" sizes=\"auto, (max-width: 480px) 150px\" src=\"https:\/\/sanvicente.edu.pe\/inicio\/wp-content\/uploads\/2025\/05\/Biblioteca_unsm-1024x316.png\" alt=\"\" class=\"uag-image-243741\" width=\"396\" height=\"300\" title=\"Biblioteca_unsm\" loading=\"lazy\" role=\"img\"\/><\/figure><\/div>\n\n\n\n<div class=\"wp-block-uagb-info-box uagb-block-fff7ae27 uagb-infobox__content-wrap  uagb-infobox-icon-above-title uagb-infobox-image-valign-top\"><div class=\"uagb-ifb-content\"><div class=\"uagb-ifb-title-wrap\"><p class=\"uagb-ifb-title-prefix\">Centro cultural de san marcos<\/p><\/div><p class=\"uagb-ifb-desc\"><br>Ocolecciones especializadas y revistas sobre folklore, ballet, m\u00fasica y humanidades, incluyendo publicaciones hist\u00f3ricas como la Revista Variedades y otras revistas antiguas peruanas y extranjeras del siglo XIX y XX. Su cat\u00e1logo digital permite acceso a estos recursos para el p\u00fablico interesado en el arte y la cultura desde cualquier lugar<\/p><\/div><\/div>\n<a class=\"spectra-container-link-overlay\" rel=\"noopener\" target=\"_blank\" href=\"https:\/\/centrocultural.unmsm.edu.pe\/biblioteca\"> <\/a><\/div>\n\n\n\n<div class=\"wp-block-uagb-separator uagb-block-ad8ffbff\"><div class=\"wp-block-uagb-separator__inner\" style=\"--my-background-image:\"><\/div><\/div>\n\n\n\n<div class=\"wp-block-uagb-container uagb-layout-grid uagb-block-qrkmsoeb\">\n<div class=\"wp-block-uagb-image alignleft uagb-block-u49ainer wp-block-uagb-image--layout-default wp-block-uagb-image--effect-static wp-block-uagb-image--align-left\"><figure class=\"wp-block-uagb-image__figure\"><img decoding=\"async\" srcset=\"https:\/\/sanvicente.edu.pe\/inicio\/wp-content\/uploads\/2025\/05\/biblio_banco-1024x373.png ,https:\/\/sanvicente.edu.pe\/inicio\/wp-content\/uploads\/2025\/05\/biblio_banco.png 780w, https:\/\/sanvicente.edu.pe\/inicio\/wp-content\/uploads\/2025\/05\/biblio_banco.png 360w\" sizes=\"auto, (max-width: 480px) 150px\" src=\"https:\/\/sanvicente.edu.pe\/inicio\/wp-content\/uploads\/2025\/05\/biblio_banco-1024x373.png\" alt=\"\" class=\"uag-image-243745\" width=\"396\" height=\"300\" title=\"biblio_banco\" loading=\"lazy\" role=\"img\"\/><\/figure><\/div>\n\n\n\n<div class=\"wp-block-uagb-info-box uagb-block-d6hnkri8 uagb-infobox__content-wrap  uagb-infobox-icon-above-title uagb-infobox-image-valign-top\"><div class=\"uagb-ifb-content\"><div class=\"uagb-ifb-title-wrap\"><p class=\"uagb-ifb-title-prefix\">biblioteca nacional del per\u00fa<\/p><\/div><p class=\"uagb-ifb-desc\"><br>Cuenta con una vasta colecci\u00f3n de libros, manuscritos, peri\u00f3dicos y otros documentos hist\u00f3ricos que reflejan la riqueza cultural e hist\u00f3rica del Per\u00fa. Adem\u00e1s, la BNP promueve el desarrollo cultural, cient\u00edfico y tecnol\u00f3gico, ofreciendo servicios y acceso a su acervo tanto en sus sedes f\u00edsicas en Lima como a trav\u00e9s de plataformas digitales<\/p><\/div><\/div>\n<a class=\"spectra-container-link-overlay\" rel=\"noopener\" target=\"_blank\" href=\"https:\/\/bibliotecadigital.bnp.gob.pe\/ \"> <\/a><\/div>\n\n\n\n<div class=\"wp-block-uagb-separator uagb-block-f25b67f7\"><div class=\"wp-block-uagb-separator__inner\" style=\"--my-background-image:\"><\/div><\/div>\n\n\n\n<div class=\"wp-block-uagb-container uagb-layout-grid uagb-block-af0ddb4d\">\n<div class=\"wp-block-uagb-image alignleft uagb-block-3a1d050d wp-block-uagb-image--layout-default wp-block-uagb-image--effect-static wp-block-uagb-image--align-left\"><figure class=\"wp-block-uagb-image__figure\"><img decoding=\"async\" srcset=\"https:\/\/sanvicente.edu.pe\/inicio\/wp-content\/uploads\/2025\/05\/INEI_biblio-1024x332.png ,https:\/\/sanvicente.edu.pe\/inicio\/wp-content\/uploads\/2025\/05\/INEI_biblio.png 780w, https:\/\/sanvicente.edu.pe\/inicio\/wp-content\/uploads\/2025\/05\/INEI_biblio.png 360w\" sizes=\"auto, (max-width: 480px) 150px\" src=\"https:\/\/sanvicente.edu.pe\/inicio\/wp-content\/uploads\/2025\/05\/INEI_biblio-1024x332.png\" alt=\"\" class=\"uag-image-243747\" width=\"396\" height=\"300\" title=\"INEI_biblio\" loading=\"lazy\" role=\"img\"\/><\/figure><\/div>\n\n\n\n<div class=\"wp-block-uagb-info-box uagb-block-badc8df5 uagb-infobox__content-wrap  uagb-infobox-icon-above-title uagb-infobox-image-valign-top\"><div class=\"uagb-ifb-content\"><div class=\"uagb-ifb-title-wrap\"><p class=\"uagb-ifb-title-prefix\">INEI Publicaciones Digitales<\/p><\/div><p class=\"uagb-ifb-desc\"><br>Ofrece acceso a una amplia variedad de estudios y reportes estad\u00edsticos elaborados por el Instituto Nacional de Estad\u00edstica e Inform\u00e1tica del Per\u00fa. Incluye censos, encuestas, an\u00e1lisis econ\u00f3micos, sociales y demogr\u00e1ficos, as\u00ed como compendios estad\u00edsticos departamentales, todos disponibles para descarga en formatos digitales como PDF y ZIP<\/p><\/div><\/div>\n<a class=\"spectra-container-link-overlay\" rel=\"noopener\" target=\"_blank\" href=\"https:\/\/www.inei.gob.pe\/biblioteca-virtual\/publicaciones-digitales\/\"> <\/a><\/div>\n\n\n\n<div class=\"wp-block-uagb-separator uagb-block-8dd4c59e\"><div class=\"wp-block-uagb-separator__inner\" style=\"--my-background-image:\"><\/div><\/div>\n\n\n\n<div class=\"wp-block-uagb-container uagb-layout-grid uagb-block-a117b876\">\n<div class=\"wp-block-uagb-image alignleft uagb-block-a92acf38 wp-block-uagb-image--layout-default wp-block-uagb-image--effect-static wp-block-uagb-image--align-left\"><figure class=\"wp-block-uagb-image__figure\"><img decoding=\"async\" srcset=\"https:\/\/sanvicente.edu.pe\/inicio\/wp-content\/uploads\/2025\/05\/Porras_biblio.jpg ,https:\/\/sanvicente.edu.pe\/inicio\/wp-content\/uploads\/2025\/05\/Porras_biblio.jpg 780w, https:\/\/sanvicente.edu.pe\/inicio\/wp-content\/uploads\/2025\/05\/Porras_biblio.jpg 360w\" sizes=\"auto, (max-width: 480px) 150px\" src=\"https:\/\/sanvicente.edu.pe\/inicio\/wp-content\/uploads\/2025\/05\/Porras_biblio.jpg\" alt=\"\" class=\"uag-image-243751\" width=\"396\" height=\"300\" title=\"Porras_biblio\" loading=\"lazy\" role=\"img\"\/><\/figure><\/div>\n\n\n\n<div class=\"wp-block-uagb-info-box uagb-block-440e3262 uagb-infobox__content-wrap  uagb-infobox-icon-above-title uagb-infobox-image-valign-top\"><div class=\"uagb-ifb-content\"><div class=\"uagb-ifb-title-wrap\"><p class=\"uagb-ifb-title-prefix\">Repositorio Digital Instituto Ra\u00fal Porras Barrenechea<\/p><\/div><p class=\"uagb-ifb-desc\">Este repositorio re\u00fane materiales bibliogr\u00e1ficos, investigaciones y documentos relacionados con la historia, las ciencias humanas y sociales del Per\u00fa, facilitando el acceso a recursos valiosos para la investigaci\u00f3n y el estudio acad\u00e9mico. Adem\u00e1s, el instituto promueve la conservaci\u00f3n de la memoria hist\u00f3rica y cultural peruana a trav\u00e9s de este espacio digital y su labor acad\u00e9mica.<br><\/p><\/div><\/div>\n<a class=\"spectra-container-link-overlay\" rel=\"noopener\" target=\"_blank\" href=\"https:\/\/bibliotecaporras.blogspot.com\/\"> <\/a><\/div>\n\n\n\n<div class=\"wp-block-uagb-separator uagb-block-eafe534f\"><div class=\"wp-block-uagb-separator__inner\" style=\"--my-background-image:\"><\/div><\/div>\n\n\n\n<div class=\"wp-block-uagb-container uagb-layout-grid uagb-block-c704650f\">\n<div class=\"wp-block-uagb-image alignleft uagb-block-bf4a1cf3 wp-block-uagb-image--layout-default wp-block-uagb-image--effect-static wp-block-uagb-image--align-left\"><figure class=\"wp-block-uagb-image__figure\"><img decoding=\"async\" srcset=\"https:\/\/sanvicente.edu.pe\/inicio\/wp-content\/uploads\/2025\/05\/pucp-1024x347.png ,https:\/\/sanvicente.edu.pe\/inicio\/wp-content\/uploads\/2025\/05\/pucp.png 780w, https:\/\/sanvicente.edu.pe\/inicio\/wp-content\/uploads\/2025\/05\/pucp.png 360w\" sizes=\"auto, (max-width: 480px) 150px\" src=\"https:\/\/sanvicente.edu.pe\/inicio\/wp-content\/uploads\/2025\/05\/pucp-1024x347.png\" alt=\"\" class=\"uag-image-243753\" width=\"396\" height=\"300\" title=\"pucp\" loading=\"lazy\" role=\"img\"\/><\/figure><\/div>\n\n\n\n<div class=\"wp-block-uagb-info-box uagb-block-d8363dbb uagb-infobox__content-wrap  uagb-infobox-icon-above-title uagb-infobox-image-valign-top\"><div class=\"uagb-ifb-content\"><div class=\"uagb-ifb-title-wrap\"><p class=\"uagb-ifb-title-prefix\">Biblioteca Virtual Pontificia Universidad Cat\u00f3lica del Per\u00fa<\/p><\/div><p class=\"uagb-ifb-desc\">Su plataforma permite a estudiantes, docentes e investigadores acceder a materiales especializados tanto dentro como fuera del campus, facilitando la consulta y descarga de informaci\u00f3n actualizada en diversas \u00e1reas del conocimiento. Adem\u00e1s, cuenta con servicios como pr\u00e9stamo interbibliotecario, reserva en l\u00ednea y espacios virtuales para el estudio, consolid\u00e1ndose como un recurso clave para el desarrollo acad\u00e9mico en el Per\u00fa.<\/p><\/div><\/div>\n<a class=\"spectra-container-link-overlay\" rel=\"noopener\" target=\"_blank\" href=\"https:\/\/repositorio.pucp.edu.pe\/home\"> <\/a><\/div>\n\n\n\n<div class=\"wp-block-uagb-separator uagb-block-072cd817\"><div class=\"wp-block-uagb-separator__inner\" style=\"--my-background-image:\"><\/div><\/div>\n\n\n\n<div class=\"wp-block-uagb-container uagb-layout-grid uagb-block-5bd441f0\">\n<div class=\"wp-block-uagb-image alignleft uagb-block-f7e9b04b wp-block-uagb-image--layout-default wp-block-uagb-image--effect-static wp-block-uagb-image--align-left\"><figure class=\"wp-block-uagb-image__figure\"><img decoding=\"async\" srcset=\"https:\/\/sanvicente.edu.pe\/inicio\/wp-content\/uploads\/2025\/05\/sanM-1024x374.png ,https:\/\/sanvicente.edu.pe\/inicio\/wp-content\/uploads\/2025\/05\/sanM.png 780w, https:\/\/sanvicente.edu.pe\/inicio\/wp-content\/uploads\/2025\/05\/sanM.png 360w\" sizes=\"auto, (max-width: 480px) 150px\" src=\"https:\/\/sanvicente.edu.pe\/inicio\/wp-content\/uploads\/2025\/05\/sanM-1024x374.png\" alt=\"\" class=\"uag-image-243755\" width=\"396\" height=\"300\" title=\"sanM\" loading=\"lazy\" role=\"img\"\/><\/figure><\/div>\n\n\n\n<div class=\"wp-block-uagb-info-box uagb-block-61eb1843 uagb-infobox__content-wrap  uagb-infobox-icon-above-title uagb-infobox-image-valign-top\"><div class=\"uagb-ifb-content\"><div class=\"uagb-ifb-title-wrap\"><p class=\"uagb-ifb-title-prefix\">Biblioteca Virtual Universidad Nacional Mayor de San Marcos<\/p><\/div><p class=\"uagb-ifb-desc\">Forma parte del Sistema de Bibliotecas (SISBIB) y de la Biblioteca Central \u00abPedro Zulen\u00bb, que es la biblioteca universitaria m\u00e1s grande del Per\u00fa. Esta plataforma facilita a estudiantes, docentes e investigadores el acceso remoto a recursos acad\u00e9micos especializados, contribuyendo al fomento de la investigaci\u00f3n y la docencia en diversas \u00e1reas del conocimiento.<\/p><\/div><\/div>\n<a class=\"spectra-container-link-overlay\" rel=\"noopener\" target=\"_blank\" href=\"https:\/\/repositorio.pucp.edu.pe\/home\"> <\/a><\/div>\n\n\n\n<div class=\"wp-block-uagb-separator uagb-block-888b4c90\"><div class=\"wp-block-uagb-separator__inner\" style=\"--my-background-image:\"><\/div><\/div>\n\n\n\n<div class=\"wp-block-uagb-container uagb-layout-grid uagb-block-d89cec5f\">\n<div class=\"wp-block-uagb-image alignleft uagb-block-9d077b71 wp-block-uagb-image--layout-default wp-block-uagb-image--effect-static wp-block-uagb-image--align-left\"><figure class=\"wp-block-uagb-image__figure\"><img decoding=\"async\" srcset=\"https:\/\/sanvicente.edu.pe\/inicio\/wp-content\/uploads\/2025\/05\/biblioteca-virtual-1024x384.jpg ,https:\/\/sanvicente.edu.pe\/inicio\/wp-content\/uploads\/2025\/05\/biblioteca-virtual.jpg 780w, https:\/\/sanvicente.edu.pe\/inicio\/wp-content\/uploads\/2025\/05\/biblioteca-virtual.jpg 360w\" sizes=\"auto, (max-width: 480px) 150px\" src=\"https:\/\/sanvicente.edu.pe\/inicio\/wp-content\/uploads\/2025\/05\/biblioteca-virtual-1024x384.jpg\" alt=\"\" class=\"uag-image-243103\" width=\"396\" height=\"300\" title=\"biblioteca-virtual\" loading=\"lazy\" role=\"img\"\/><\/figure><\/div>\n\n\n\n<div class=\"wp-block-uagb-info-box uagb-block-1db01b4d uagb-infobox__content-wrap  uagb-infobox-icon-above-title uagb-infobox-image-valign-top\"><div class=\"uagb-ifb-content\"><div class=\"uagb-ifb-title-wrap\"><p class=\"uagb-ifb-title-prefix\">Fundaci\u00f3n BBVA biblioteca virtual<\/p><\/div><p class=\"uagb-ifb-desc\"><br>As\u00ed como la materia se transforma, los libros tambi\u00e9n evolucionan. Aunque el formato impreso creado por ha perdurado siglos, hoy la Fundaci\u00f3n BBVA Per\u00fa apuesta por la digitalizaci\u00f3n para preservar y difundir m\u00e1s de 40 a\u00f1os de valiosas publicaciones. Explora esta colecci\u00f3n digital y accede al conocimiento del Per\u00fa desde cualquier lugar y en cualquier momento.<\/p><\/div><\/div>\n<a class=\"spectra-container-link-overlay\" rel=\"noopener\" target=\"_blank\" href=\"https:\/\/fundacionbbva.pe\/biblioteca-virtual\/\"> <\/a><\/div>\n\n\n\n<div class=\"wp-block-uagb-separator uagb-block-mtm6va7u\"><div class=\"wp-block-uagb-separator__inner\" style=\"--my-background-image:\"><\/div><\/div>\n\n\n\n<div class=\"wp-block-uagb-container uagb-layout-grid uagb-block-r0rmxypk\">\n<div class=\"wp-block-uagb-image alignleft uagb-block-opwkttgc wp-block-uagb-image--layout-default wp-block-uagb-image--effect-static wp-block-uagb-image--align-left\"><figure class=\"wp-block-uagb-image__figure\"><img decoding=\"async\" srcset=\"https:\/\/sanvicente.edu.pe\/inicio\/wp-content\/uploads\/2025\/05\/Captura-de-pantalla-2025-05-23-155348-1024x492.png ,https:\/\/sanvicente.edu.pe\/inicio\/wp-content\/uploads\/2025\/05\/Captura-de-pantalla-2025-05-23-155348.png 780w, https:\/\/sanvicente.edu.pe\/inicio\/wp-content\/uploads\/2025\/05\/Captura-de-pantalla-2025-05-23-155348.png 360w\" sizes=\"auto, (max-width: 480px) 150px\" src=\"https:\/\/sanvicente.edu.pe\/inicio\/wp-content\/uploads\/2025\/05\/Captura-de-pantalla-2025-05-23-155348-1024x492.png\" alt=\"\" class=\"uag-image-243133\" width=\"396\" height=\"300\" title=\"Captura de pantalla 2025-05-23 155348\" loading=\"lazy\" role=\"img\"\/><\/figure><\/div>\n\n\n\n<div class=\"wp-block-uagb-info-box uagb-block-awmjkyqu uagb-infobox__content-wrap  uagb-infobox-icon-above-title uagb-infobox-image-valign-top\"><div class=\"uagb-ifb-content\"><div class=\"uagb-ifb-title-wrap\"><p class=\"uagb-ifb-title-prefix\">Biblioteca alejandria<\/p><\/div><p class=\"uagb-ifb-desc\"><br>Sum\u00e9rgete en la historia de la legendaria Biblioteca de Alejandr\u00eda, el epicentro del saber en la antig\u00fcedad que reuni\u00f3 las mentes m\u00e1s brillantes y miles de obras de todo el mundo.<br><strong>\u00a1Visita la web y s\u00e9 parte de esta fascinante traves\u00eda hacia el aprendizaje sin l\u00edmites!<\/strong><\/p><\/div><\/div>\n<a class=\"spectra-container-link-overlay\" rel=\"noopener\" target=\"_blank\" href=\"https:\/\/www.elejandria.com\/libros\/a\"> <\/a><\/div>\n\n\n\n<div class=\"wp-block-uagb-separator uagb-block-lhaqszuw\"><div class=\"wp-block-uagb-separator__inner\" style=\"--my-background-image:\"><\/div><\/div>\n<\/div>\n<\/div><\/div>\n","protected":false},"excerpt":{"rendered":"","protected":false},"author":1,"featured_media":0,"parent":0,"menu_order":0,"comment_status":"closed","ping_status":"closed","template":"","meta":{"_uag_custom_page_level_css":"","site-sidebar-layout":"default","site-content-layout":"","ast-site-content-layout":"default","site-content-style":"default","site-sidebar-style":"default","ast-global-header-display":"","ast-banner-title-visibility":"","ast-main-header-display":"","ast-hfb-above-header-display":"","ast-hfb-below-header-display":"","ast-hfb-mobile-header-display":"","site-post-title":"disabled","ast-breadcrumbs-content":"","ast-featured-img":"","footer-sml-layout":"","ast-disable-related-posts":"","theme-transparent-header-meta":"","adv-header-id-meta":"","stick-header-meta":"","header-above-stick-meta":"","header-main-stick-meta":"","header-below-stick-meta":"","astra-migrate-meta-layouts":"set","ast-page-background-enabled":"default","ast-page-background-meta":{"desktop":{"background-color":"","background-image":"","background-repeat":"repeat","background-position":"center center","background-size":"auto","background-attachment":"scroll","background-type":"","background-media":"","overlay-type":"","overlay-color":"","overlay-opacity":"","overlay-gradient":""},"tablet":{"background-color":"","background-image":"","background-repeat":"repeat","background-position":"center center","background-size":"auto","background-attachment":"scroll","background-type":"","background-media":"","overlay-type":"","overlay-color":"","overlay-opacity":"","overlay-gradient":""},"mobile":{"background-color":"","background-image":"","background-repeat":"repeat","background-position":"center center","background-size":"auto","background-attachment":"scroll","background-type":"","background-media":"","overlay-type":"","overlay-color":"","overlay-opacity":"","overlay-gradient":""}},"ast-content-background-meta":{"desktop":{"background-color":"var(--ast-global-color-5)","background-image":"","background-repeat":"repeat","background-position":"center center","background-size":"auto","background-attachment":"scroll","background-type":"","background-media":"","overlay-type":"","overlay-color":"","overlay-opacity":"","overlay-gradient":""},"tablet":{"background-color":"var(--ast-global-color-5)","background-image":"","background-repeat":"repeat","background-position":"center center","background-size":"auto","background-attachment":"scroll","background-type":"","background-media":"","overlay-type":"","overlay-color":"","overlay-opacity":"","overlay-gradient":""},"mobile":{"background-color":"var(--ast-global-color-5)","background-image":"","background-repeat":"repeat","background-position":"center center","background-size":"auto","background-attachment":"scroll","background-type":"","background-media":"","overlay-type":"","overlay-color":"","overlay-opacity":"","overlay-gradient":""}},"footnotes":""},"class_list":["post-243050","page","type-page","status-publish","hentry"],"uagb_featured_image_src":{"full":false,"thumbnail":false,"medium":false,"medium_large":false,"large":false,"1536x1536":false,"2048x2048":false},"uagb_author_info":{"display_name":"admin","author_link":"https:\/\/sanvicente.edu.pe\/inicio\/author\/admin_sv\/"},"uagb_comment_info":0,"uagb_excerpt":null,"_links":{"self":[{"href":"https:\/\/sanvicente.edu.pe\/inicio\/wp-json\/wp\/v2\/pages\/243050","targetHints":{"allow":["GET"]}}],"collection":[{"href":"https:\/\/sanvicente.edu.pe\/inicio\/wp-json\/wp\/v2\/pages"}],"about":[{"href":"https:\/\/sanvicente.edu.pe\/inicio\/wp-json\/wp\/v2\/types\/page"}],"author":[{"embeddable":true,"href":"https:\/\/sanvicente.edu.pe\/inicio\/wp-json\/wp\/v2\/users\/1"}],"replies":[{"embeddable":true,"href":"https:\/\/sanvicente.edu.pe\/inicio\/wp-json\/wp\/v2\/comments?post=243050"}],"version-history":[{"count":62,"href":"https:\/\/sanvicente.edu.pe\/inicio\/wp-json\/wp\/v2\/pages\/243050\/revisions"}],"predecessor-version":[{"id":243757,"href":"https:\/\/sanvicente.edu.pe\/inicio\/wp-json\/wp\/v2\/pages\/243050\/revisions\/243757"}],"wp:attachment":[{"href":"https:\/\/sanvicente.edu.pe\/inicio\/wp-json\/wp\/v2\/media?parent=243050"}],"curies":[{"name":"wp","href":"https:\/\/api.w.org\/{rel}","templated":true}]}}