{"id":14,"date":"2025-05-26T10:31:41","date_gmt":"2025-05-26T15:31:41","guid":{"rendered":"https:\/\/sanvicente.edu.pe\/inicio\/contact\/"},"modified":"2025-05-29T10:53:34","modified_gmt":"2025-05-29T15:53:34","slug":"contact","status":"publish","type":"page","link":"https:\/\/sanvicente.edu.pe\/inicio\/contact\/","title":{"rendered":"Contact"},"content":{"rendered":"\n<div class=\"wp-block-uagb-container uagb-layout-flex uagb-block-edf9ad47 alignfull uagb-is-root-container\"><div class=\"uagb-container-inner-blocks-wrap\">\n<div class=\"wp-block-uagb-advanced-heading uagb-block-022836bc\"><h1 class=\"uagb-heading-text\">Con\u00e9ctate con el Colegio San Vicente de Pa\u00fal<\/h1><\/div>\n<\/div><\/div>\n\n\n\n<div class=\"wp-block-uagb-container uagb-layout-grid uagb-block-889b654d alignfull uagb-is-root-container\"><div class=\"uagb-container-inner-blocks-wrap\">\n<div class=\"wp-block-uagb-container uagb-block-a1503ca7\">\n<div class=\"wp-block-uagb-advanced-heading uagb-block-1f8f3c3f\"><h2 class=\"uagb-heading-text\">Estamos aqu\u00ed para responder tus consultas y sugerencias<\/h2><\/div>\n\n\n\n<div class=\"wp-block-uagb-icon-list uagb-block-3fd53615\"><div class=\"uagb-icon-list__wrap\">\n<div class=\"wp-block-uagb-icon-list-child uagb-block-caafeaf5\"><a target=\"_blank\" aria-label=\"List item\" rel=\"noopener noreferrer\" href=\"https:\/\/www.facebook.com\/SVP.TarmaOficial\/\"> <\/a><span class=\"uagb-icon-list__source-wrap\"><svg xmlns=\"https:\/\/www.w3.org\/2000\/svg\" viewBox=\"0 0 512 512\"><path d=\"M504 256C504 119 393 8 256 8S8 119 8 256c0 123.8 90.69 226.4 209.3 245V327.7h-63V256h63v-54.64c0-62.15 37-96.48 93.67-96.48 27.14 0 55.52 4.84 55.52 4.84v61h-31.28c-30.8 0-40.41 19.12-40.41 38.73V256h68.78l-11 71.69h-57.78V501C413.3 482.4 504 379.8 504 256z\"><\/path><\/svg><\/span><\/div>\n\n\n\n<div class=\"wp-block-uagb-icon-list-child uagb-block-d15ed965\"><a target=\"_blank\" aria-label=\"List item\" rel=\"noopener noreferrer\" href=\"https:\/\/www.instagram.com\/sanvicente_tarma1\/?igsh=MTNodG85aHl6eTFycg%3D%3D#\"> <\/a><span class=\"uagb-icon-list__source-wrap\"><svg xmlns=\"https:\/\/www.w3.org\/2000\/svg\" viewBox=\"0 0 448 512\"><path d=\"M224.1 141c-63.6 0-114.9 51.3-114.9 114.9s51.3 114.9 114.9 114.9S339 319.5 339 255.9 287.7 141 224.1 141zm0 189.6c-41.1 0-74.7-33.5-74.7-74.7s33.5-74.7 74.7-74.7 74.7 33.5 74.7 74.7-33.6 74.7-74.7 74.7zm146.4-194.3c0 14.9-12 26.8-26.8 26.8-14.9 0-26.8-12-26.8-26.8s12-26.8 26.8-26.8 26.8 12 26.8 26.8zm76.1 27.2c-1.7-35.9-9.9-67.7-36.2-93.9-26.2-26.2-58-34.4-93.9-36.2-37-2.1-147.9-2.1-184.9 0-35.8 1.7-67.6 9.9-93.9 36.1s-34.4 58-36.2 93.9c-2.1 37-2.1 147.9 0 184.9 1.7 35.9 9.9 67.7 36.2 93.9s58 34.4 93.9 36.2c37 2.1 147.9 2.1 184.9 0 35.9-1.7 67.7-9.9 93.9-36.2 26.2-26.2 34.4-58 36.2-93.9 2.1-37 2.1-147.8 0-184.8zM398.8 388c-7.8 19.6-22.9 34.7-42.6 42.6-29.5 11.7-99.5 9-132.1 9s-102.7 2.6-132.1-9c-19.6-7.8-34.7-22.9-42.6-42.6-11.7-29.5-9-99.5-9-132.1s-2.6-102.7 9-132.1c7.8-19.6 22.9-34.7 42.6-42.6 29.5-11.7 99.5-9 132.1-9s102.7-2.6 132.1 9c19.6 7.8 34.7 22.9 42.6 42.6 11.7 29.5 9 99.5 9 132.1s2.7 102.7-9 132.1z\"><\/path><\/svg><\/span><\/div>\n\n\n\n<div class=\"wp-block-uagb-icon-list-child uagb-block-0ce25cc9\"><a target=\"_blank\" aria-label=\"List item\" rel=\"noopener noreferrer\" href=\"https:\/\/www.youtube.com\/@sanvicentetarma\"> <\/a><span class=\"uagb-icon-list__source-wrap\"><svg xmlns=\"https:\/\/www.w3.org\/2000\/svg\" viewBox=\"0 0 576 512\"><path d=\"M549.7 124.1c-6.281-23.65-24.79-42.28-48.28-48.6C458.8 64 288 64 288 64S117.2 64 74.63 75.49c-23.5 6.322-42 24.95-48.28 48.6-11.41 42.87-11.41 132.3-11.41 132.3s0 89.44 11.41 132.3c6.281 23.65 24.79 41.5 48.28 47.82C117.2 448 288 448 288 448s170.8 0 213.4-11.49c23.5-6.321 42-24.17 48.28-47.82 11.41-42.87 11.41-132.3 11.41-132.3s0-89.44-11.41-132.3zm-317.5 213.5V175.2l142.7 81.21-142.7 81.2z\"><\/path><\/svg><\/span><\/div>\n<\/div><\/div>\n<\/div>\n\n\n\n<div class=\"wp-block-uagb-container uagb-layout-flex uagb-block-63e0ef61\">\n<div class=\"wp-block-uagb-advanced-heading uagb-block-11111ede\"><h3 class=\"uagb-heading-text\">Puedes comunicarte con nosotros por los siguientes medios<\/h3><\/div>\n\n\n\n<div class=\"wp-block-uagb-advanced-heading uagb-block-25590896\"><p class=\"uagb-heading-text\">Tel\u00e9fono: <em>064 321135<\/em><\/p><div class=\"uagb-separator\"><\/div><\/div>\n\n\n\n<div class=\"wp-block-uagb-advanced-heading uagb-block-352e1edd\"><p class=\"uagb-heading-text\">Celular: <em>+51996207109<\/em><\/p><div class=\"uagb-separator\"><\/div><\/div>\n\n\n\n<div class=\"wp-block-uagb-advanced-heading uagb-block-525f916b\"><p class=\"uagb-heading-text\">Correo electr\u00f3nico: <em>secretaria@sanvicente.edu.pe<\/em><\/p><div class=\"uagb-separator\"><\/div><\/div>\n\n\n\n<div class=\"wp-block-uagb-advanced-heading uagb-block-94af7e4b\"><p class=\"uagb-heading-text\">Direcci\u00f3n: <em>AV. Bermudez URB. La rambla 697 TARMA &#8211; TARMA &#8211; JUNIN<\/em><\/p><\/div>\n<\/div>\n<\/div><\/div>\n\n\n\n<div class=\"wp-block-uagb-container uagb-block-5d04857a alignfull uagb-is-root-container\"><div class=\"uagb-container-inner-blocks-wrap\">\n<div class=\"wp-block-uagb-container uagb-block-0638761c\">\t\t\t<div \n\t\t\tclass=\"wp-block-uagb-google-map uagb-google-map__wrap uagb-block-4e582afc     \"\n\t\t\tstyle=\"\" >\n\t\t\t\t<embed\n\t\t\t\t\tclass=\"uagb-google-map__iframe\"\n\t\t\t\t\ttitle=\"Google Map for \"\n\t\t\t\t\tsrc=\"https:\/\/maps.google.com\/maps?q=Colegio%20San%20Vicente%20de%20Pa%C3%BAl%20Tarma&#038;z=18&#038;hl=es&#038;t=m&#038;output=embed&#038;iwloc=near\"\n\t\t\t\t\twidth=\"640\"\n\t\t\t\t\theight=\"450\"\n\t\t\t\t\tloading=\"lazy\"\n\t\t\t\t><\/embed>\n\t\t\t<\/div>\n\t\t\t<\/div>\n<\/div><\/div>\n\n\n\n<div class=\"wp-block-uagb-container uagb-block-73aa5f08 alignfull uagb-is-root-container\"><div class=\"uagb-container-inner-blocks-wrap\">\n<div class=\"wp-block-uagb-container uagb-block-cf8be083\">\n<figure class=\"wp-block-image size-medium has-custom-border is-style-default wp-duotone-unset-1\" style=\"margin-top:var(--wp--preset--spacing--20);margin-bottom:var(--wp--preset--spacing--20)\"><img loading=\"lazy\" decoding=\"async\" width=\"300\" height=\"205\" src=\"https:\/\/sanvicente.edu.pe\/inicio\/wp-content\/uploads\/2025\/05\/TITULO-COLEGIO-1700-x-1000-px-1-300x205.png\" alt=\"\" class=\"wp-image-242792\" style=\"border-radius:30px\" srcset=\"https:\/\/sanvicente.edu.pe\/inicio\/wp-content\/uploads\/2025\/05\/TITULO-COLEGIO-1700-x-1000-px-1-300x205.png 300w, https:\/\/sanvicente.edu.pe\/inicio\/wp-content\/uploads\/2025\/05\/TITULO-COLEGIO-1700-x-1000-px-1-1024x700.png 1024w, https:\/\/sanvicente.edu.pe\/inicio\/wp-content\/uploads\/2025\/05\/TITULO-COLEGIO-1700-x-1000-px-1-768x525.png 768w, https:\/\/sanvicente.edu.pe\/inicio\/wp-content\/uploads\/2025\/05\/TITULO-COLEGIO-1700-x-1000-px-1.png 1200w\" sizes=\"auto, (max-width: 300px) 100vw, 300px\" \/><\/figure>\n<\/div>\n<\/div><\/div>\n\n\n\n<div class=\"wp-block-uagb-container uagb-layout-grid uagb-block-d17d52f5 alignfull uagb-is-root-container\"><div class=\"uagb-container-inner-blocks-wrap\">\n<div class=\"wp-block-uagb-image uagb-block-f5c79397 wp-block-uagb-image--layout-default wp-block-uagb-image--effect-static wp-block-uagb-image--align-none uag-hide-mob\"><figure class=\"wp-block-uagb-image__figure\"><img decoding=\"async\" srcset=\"https:\/\/sanvicente.edu.pe\/inicio\/wp-content\/uploads\/2025\/05\/Foot_1-1024x683.jpg ,https:\/\/sanvicente.edu.pe\/inicio\/wp-content\/uploads\/2025\/05\/Foot_1.jpg 780w, https:\/\/sanvicente.edu.pe\/inicio\/wp-content\/uploads\/2025\/05\/Foot_1.jpg 360w\" sizes=\"auto, (max-width: 480px) 150px\" src=\"https:\/\/sanvicente.edu.pe\/inicio\/wp-content\/uploads\/2025\/05\/Foot_1-1024x683.jpg\" alt=\"\" class=\"uag-image-243299\" width=\"180\" height=\"180\" title=\"Foot_1\" loading=\"lazy\" role=\"img\"\/><\/figure><\/div>\n\n\n\n<div class=\"wp-block-uagb-info-box uagb-block-e0e0877b uagb-infobox__content-wrap  uagb-infobox-icon-above-title uagb-infobox-image-valign-top wp-block-uagb-info-box--has-margin\"><div class=\"uagb-infobox-margin-wrapper\"><div class=\"uagb-ifb-content\"><div class=\"uagb-ifb-title-wrap\"><h2 class=\"uagb-ifb-title\">\u00a1Inscribete hoy y asegura el futuro de tu hijo!<\/h2><\/div><p class=\"uagb-ifb-desc\">No pierdas la oportunidad de ofrecer la mejor educaci\u00f3n y desarrollo personal a tus hijos en un ambiente seguro y estimulante.<\/p><div class=\"uagb-ifb-button-wrapper wp-block-button\"><a href=\"https:\/\/sanvicente.edu.pe\/inicio\/contact\/\" class=\"uagb-infobox-cta-link wp-block-button__link\" target=\"_self\" rel=\"noopener noreferrer\" onclick=\"return true;\"><span class=\"uagb-inline-editing\">Cont\u00e1ctanos ahora<\/span><\/a><\/div><\/div><\/div><\/div>\n\n\n\n<div class=\"wp-block-uagb-image aligncenter uagb-block-7baf2f18 wp-block-uagb-image--layout-default wp-block-uagb-image--effect-static wp-block-uagb-image--align-center uag-hide-mob\"><figure class=\"wp-block-uagb-image__figure\"><img decoding=\"async\" srcset=\"https:\/\/sanvicente.edu.pe\/inicio\/wp-content\/uploads\/2025\/05\/Foot_2-1024x1024.jpg ,https:\/\/sanvicente.edu.pe\/inicio\/wp-content\/uploads\/2025\/05\/Foot_2.jpg 780w, https:\/\/sanvicente.edu.pe\/inicio\/wp-content\/uploads\/2025\/05\/Foot_2.jpg 360w\" sizes=\"auto, (max-width: 480px) 150px\" src=\"https:\/\/sanvicente.edu.pe\/inicio\/wp-content\/uploads\/2025\/05\/Foot_2-1024x1024.jpg\" alt=\"\" class=\"uag-image-243300\" width=\"180\" height=\"180\" title=\"Foot_2\" loading=\"lazy\" role=\"img\"\/><\/figure><\/div>\n<\/div><\/div>\n\n\n\n<p><\/p>\n","protected":false},"excerpt":{"rendered":"<p>Con\u00e9ctate con el Colegio San Vicente de Pa\u00fal Estamos aqu\u00ed para responder tus consultas y sugerencias Puedes comunicarte con nosotros [&hellip;]<\/p>\n","protected":false},"author":1,"featured_media":0,"parent":0,"menu_order":0,"comment_status":"closed","ping_status":"closed","template":"","meta":{"_uag_custom_page_level_css":"","site-sidebar-layout":"default","site-content-layout":"","ast-site-content-layout":"default","site-content-style":"default","site-sidebar-style":"default","ast-global-header-display":"","ast-banner-title-visibility":"","ast-main-header-display":"","ast-hfb-above-header-display":"","ast-hfb-below-header-display":"","ast-hfb-mobile-header-display":"","site-post-title":"disabled","ast-breadcrumbs-content":"","ast-featured-img":"","footer-sml-layout":"","ast-disable-related-posts":"","theme-transparent-header-meta":"enabled","adv-header-id-meta":"","stick-header-meta":"","header-above-stick-meta":"","header-main-stick-meta":"","header-below-stick-meta":"","astra-migrate-meta-layouts":"default","ast-page-background-enabled":"default","ast-page-background-meta":{"desktop":{"background-color":"var(--ast-global-color-5)","background-image":"","background-repeat":"repeat","background-position":"center center","background-size":"auto","background-attachment":"scroll","background-type":"","background-media":"","overlay-type":"","overlay-color":"","overlay-opacity":"","overlay-gradient":""},"tablet":{"background-color":"","background-image":"","background-repeat":"repeat","background-position":"center center","background-size":"auto","background-attachment":"scroll","background-type":"","background-media":"","overlay-type":"","overlay-color":"","overlay-opacity":"","overlay-gradient":""},"mobile":{"background-color":"","background-image":"","background-repeat":"repeat","background-position":"center center","background-size":"auto","background-attachment":"scroll","background-type":"","background-media":"","overlay-type":"","overlay-color":"","overlay-opacity":"","overlay-gradient":""}},"ast-content-background-meta":{"desktop":{"background-color":"var(--ast-global-color-4)","background-image":"","background-repeat":"repeat","background-position":"center center","background-size":"auto","background-attachment":"scroll","background-type":"","background-media":"","overlay-type":"","overlay-color":"","overlay-opacity":"","overlay-gradient":""},"tablet":{"background-color":"var(--ast-global-color-4)","background-image":"","background-repeat":"repeat","background-position":"center center","background-size":"auto","background-attachment":"scroll","background-type":"","background-media":"","overlay-type":"","overlay-color":"","overlay-opacity":"","overlay-gradient":""},"mobile":{"background-color":"var(--ast-global-color-4)","background-image":"","background-repeat":"repeat","background-position":"center center","background-size":"auto","background-attachment":"scroll","background-type":"","background-media":"","overlay-type":"","overlay-color":"","overlay-opacity":"","overlay-gradient":""}},"footnotes":""},"class_list":["post-14","page","type-page","status-publish","hentry"],"uagb_featured_image_src":{"full":false,"thumbnail":false,"medium":false,"medium_large":false,"large":false,"1536x1536":false,"2048x2048":false},"uagb_author_info":{"display_name":"admin","author_link":"https:\/\/sanvicente.edu.pe\/inicio\/author\/admin_sv\/"},"uagb_comment_info":0,"uagb_excerpt":"Con\u00e9ctate con el Colegio San Vicente de Pa\u00fal Estamos aqu\u00ed para responder tus consultas y sugerencias Puedes comunicarte con nosotros [&hellip;]","_links":{"self":[{"href":"https:\/\/sanvicente.edu.pe\/inicio\/wp-json\/wp\/v2\/pages\/14","targetHints":{"allow":["GET"]}}],"collection":[{"href":"https:\/\/sanvicente.edu.pe\/inicio\/wp-json\/wp\/v2\/pages"}],"about":[{"href":"https:\/\/sanvicente.edu.pe\/inicio\/wp-json\/wp\/v2\/types\/page"}],"author":[{"embeddable":true,"href":"https:\/\/sanvicente.edu.pe\/inicio\/wp-json\/wp\/v2\/users\/1"}],"replies":[{"embeddable":true,"href":"https:\/\/sanvicente.edu.pe\/inicio\/wp-json\/wp\/v2\/comments?post=14"}],"version-history":[{"count":37,"href":"https:\/\/sanvicente.edu.pe\/inicio\/wp-json\/wp\/v2\/pages\/14\/revisions"}],"predecessor-version":[{"id":243707,"href":"https:\/\/sanvicente.edu.pe\/inicio\/wp-json\/wp\/v2\/pages\/14\/revisions\/243707"}],"wp:attachment":[{"href":"https:\/\/sanvicente.edu.pe\/inicio\/wp-json\/wp\/v2\/media?parent=14"}],"curies":[{"name":"wp","href":"https:\/\/api.w.org\/{rel}","templated":true}]}}