{"id":12,"date":"2025-05-26T10:31:23","date_gmt":"2025-05-26T15:31:23","guid":{"rendered":"https:\/\/sanvicente.edu.pe\/inicio\/services\/"},"modified":"2025-12-02T09:47:18","modified_gmt":"2025-12-02T14:47:18","slug":"services","status":"publish","type":"page","link":"https:\/\/sanvicente.edu.pe\/inicio\/services\/","title":{"rendered":"Services"},"content":{"rendered":"\n<div class=\"wp-block-uagb-container uagb-layout-flex uagb-block-edf9ad47 alignfull uagb-is-root-container\"><div class=\"uagb-container-inner-blocks-wrap\">\n<div class=\"wp-block-uagb-advanced-heading uagb-block-022836bc\"><h1 class=\"uagb-heading-text\">Descubre lo que ofrecemos<\/h1><\/div>\n<\/div><\/div>\n\n\n\n<div class=\"wp-block-uagb-container uagb-block-a9da1e25 alignfull uagb-is-root-container\"><div class=\"uagb-container-inner-blocks-wrap\">\n<div class=\"wp-block-uagb-container uagb-layout-grid uagb-block-ec9486ee default uagb-is-root-container\">\n<div class=\"wp-block-uagb-info-box uagb-block-5a2bc621 uagb-infobox__content-wrap  uagb-infobox-icon-above-title uagb-infobox-image-valign-top wp-block-uagb-info-box--has-margin\"><div class=\"uagb-infobox-margin-wrapper\"><div class=\"uagb-ifb-content\"><div class=\"uagb-ifb-title-wrap\"><span class=\"uagb-ifb-title-prefix\">01<\/span><h2 class=\"uagb-ifb-title\">Educaci\u00f3n Integral<\/h2><\/div><p class=\"uagb-ifb-desc\">En el Colegio <strong>San Vicente de Pa\u00fal &#8211; Tarma<\/strong> promovemos una educaci\u00f3n integral que no solo desarrolla las capacidades acad\u00e9micas y valores s\u00f3lidos, sino que tambi\u00e9n se fundamenta en el carisma vicentino. Este carisma nos impulsa a formar personas comprometidas con la justicia, la solidaridad y el servicio a los m\u00e1s necesitados, siguiendo el ejemplo de San Vicente de Pa\u00fal.<\/p><\/div><\/div><\/div>\n\n\n\n<div class=\"wp-block-uagb-slider uagb-block-50a3451c uagb-slider-container\"><div class=\"uagb-slides uagb-swiper\"><div class=\"swiper-wrapper\">\n<div class=\"wp-block-uagb-slider-child uagb-slider-child-wrap swiper-slide uagb-block-6ea9293b\"><div class=\"swiper-content\">\n<div class=\"wp-block-uagb-container uagb-block-f4692002\">\n<div class=\"wp-block-uagb-image uagb-block-da683646 wp-block-uagb-image--layout-default wp-block-uagb-image--effect-static wp-block-uagb-image--align-none\"><figure class=\"wp-block-uagb-image__figure\"><img decoding=\"async\" srcset=\"https:\/\/sanvicente.edu.pe\/inicio\/wp-content\/uploads\/2025\/12\/cruz-del-jubileo-1024x683.jpg ,https:\/\/sanvicente.edu.pe\/inicio\/wp-content\/uploads\/2025\/12\/cruz-del-jubileo-scaled.jpg 780w, https:\/\/sanvicente.edu.pe\/inicio\/wp-content\/uploads\/2025\/12\/cruz-del-jubileo-scaled.jpg 360w\" sizes=\"auto, (max-width: 480px) 150px\" src=\"https:\/\/sanvicente.edu.pe\/inicio\/wp-content\/uploads\/2025\/12\/cruz-del-jubileo-1024x683.jpg\" alt=\"\" class=\"uag-image-243834\" width=\"1024\" height=\"683\" title=\"cruz del jubileo\" loading=\"lazy\" role=\"img\"\/><\/figure><\/div>\n<\/div>\n<\/div><\/div>\n\n\n\n<div class=\"wp-block-uagb-slider-child uagb-slider-child-wrap swiper-slide uagb-block-8f7d4dcf\"><div class=\"swiper-content\">\n<div class=\"wp-block-uagb-container uagb-block-b1d15584\">\n<div class=\"wp-block-uagb-image uagb-block-d3204750 wp-block-uagb-image--layout-default wp-block-uagb-image--effect-static wp-block-uagb-image--align-none\"><figure class=\"wp-block-uagb-image__figure\"><img decoding=\"async\" srcset=\"https:\/\/sanvicente.edu.pe\/inicio\/wp-content\/uploads\/2025\/12\/donacion-de-viveres-1024x683.jpg ,https:\/\/sanvicente.edu.pe\/inicio\/wp-content\/uploads\/2025\/12\/donacion-de-viveres-scaled.jpg 780w, https:\/\/sanvicente.edu.pe\/inicio\/wp-content\/uploads\/2025\/12\/donacion-de-viveres-scaled.jpg 360w\" sizes=\"auto, (max-width: 480px) 150px\" src=\"https:\/\/sanvicente.edu.pe\/inicio\/wp-content\/uploads\/2025\/12\/donacion-de-viveres-1024x683.jpg\" alt=\"\" class=\"uag-image-243833\" width=\"1024\" height=\"683\" title=\"donaci\u00f3n de viveres\" loading=\"lazy\" role=\"img\"\/><\/figure><\/div>\n<\/div>\n<\/div><\/div>\n\n\n\n<div class=\"wp-block-uagb-slider-child uagb-slider-child-wrap swiper-slide uagb-block-19af37a5\"><div class=\"swiper-content\">\n<div class=\"wp-block-uagb-container uagb-block-9cfe151b\">\n<div class=\"wp-block-uagb-image uagb-block-d4e3745a wp-block-uagb-image--layout-default wp-block-uagb-image--effect-static wp-block-uagb-image--align-none\"><figure class=\"wp-block-uagb-image__figure\"><img decoding=\"async\" srcset=\"https:\/\/sanvicente.edu.pe\/inicio\/wp-content\/uploads\/2025\/12\/Cerebritos-Vicentinos-1024x683.jpg ,https:\/\/sanvicente.edu.pe\/inicio\/wp-content\/uploads\/2025\/12\/Cerebritos-Vicentinos-scaled.jpg 780w, https:\/\/sanvicente.edu.pe\/inicio\/wp-content\/uploads\/2025\/12\/Cerebritos-Vicentinos-scaled.jpg 360w\" sizes=\"auto, (max-width: 480px) 150px\" src=\"https:\/\/sanvicente.edu.pe\/inicio\/wp-content\/uploads\/2025\/12\/Cerebritos-Vicentinos-1024x683.jpg\" alt=\"\" class=\"uag-image-243832\" width=\"1024\" height=\"683\" title=\"Cerebritos Vicentinos\" loading=\"lazy\" role=\"img\"\/><\/figure><\/div>\n<\/div>\n<\/div><\/div>\n<\/div><\/div><div class=\"swiper-pagination\"><\/div><div class=\"swiper-button-prev\"><\/div><div class=\"swiper-button-next\"><\/div><\/div>\n<\/div>\n\n\n\n<div class=\"wp-block-uagb-container uagb-layout-grid uagb-block-932b0ea7 default uagb-is-root-container\">\n<div class=\"wp-block-uagb-slider uagb-block-d464418f uagb-slider-container\"><div class=\"uagb-slides uagb-swiper\"><div class=\"swiper-wrapper\">\n<div class=\"wp-block-uagb-slider-child uagb-slider-child-wrap swiper-slide uagb-block-dc530d6d\"><div class=\"swiper-content\">\n<div class=\"wp-block-uagb-container uagb-block-eac9bd94\">\n<div class=\"wp-block-uagb-image uagb-block-086aea14 wp-block-uagb-image--layout-default wp-block-uagb-image--effect-static wp-block-uagb-image--align-none\"><figure class=\"wp-block-uagb-image__figure\"><img decoding=\"async\" srcset=\"https:\/\/sanvicente.edu.pe\/inicio\/wp-content\/uploads\/2025\/12\/festival-de-matematicas-1-1024x683.jpg ,https:\/\/sanvicente.edu.pe\/inicio\/wp-content\/uploads\/2025\/12\/festival-de-matematicas-1-scaled.jpg 780w, https:\/\/sanvicente.edu.pe\/inicio\/wp-content\/uploads\/2025\/12\/festival-de-matematicas-1-scaled.jpg 360w\" sizes=\"auto, (max-width: 480px) 150px\" src=\"https:\/\/sanvicente.edu.pe\/inicio\/wp-content\/uploads\/2025\/12\/festival-de-matematicas-1-1024x683.jpg\" alt=\"\" class=\"uag-image-243818\" width=\"1024\" height=\"683\" title=\"festival de matem\u00e1ticas (1)\" loading=\"lazy\" role=\"img\"\/><\/figure><\/div>\n<\/div>\n<\/div><\/div>\n\n\n\n<div class=\"wp-block-uagb-slider-child uagb-slider-child-wrap swiper-slide uagb-block-57cdcd1b\"><div class=\"swiper-content\">\n<div class=\"wp-block-uagb-container uagb-block-4da6dc44\">\n<div class=\"wp-block-uagb-image uagb-block-a9378977 wp-block-uagb-image--layout-default wp-block-uagb-image--effect-static wp-block-uagb-image--align-none\"><figure class=\"wp-block-uagb-image__figure\"><img decoding=\"async\" srcset=\"https:\/\/sanvicente.edu.pe\/inicio\/wp-content\/uploads\/2025\/12\/concurso-de-bandas-en-morocohca-1024x683.jpg ,https:\/\/sanvicente.edu.pe\/inicio\/wp-content\/uploads\/2025\/12\/concurso-de-bandas-en-morocohca-scaled.jpg 780w, https:\/\/sanvicente.edu.pe\/inicio\/wp-content\/uploads\/2025\/12\/concurso-de-bandas-en-morocohca-scaled.jpg 360w\" sizes=\"auto, (max-width: 480px) 150px\" src=\"https:\/\/sanvicente.edu.pe\/inicio\/wp-content\/uploads\/2025\/12\/concurso-de-bandas-en-morocohca-1024x683.jpg\" alt=\"\" class=\"uag-image-243830\" width=\"1024\" height=\"683\" title=\"concurso de bandas en morocohca\" loading=\"lazy\" role=\"img\"\/><\/figure><\/div>\n<\/div>\n<\/div><\/div>\n\n\n\n<div class=\"wp-block-uagb-slider-child uagb-slider-child-wrap swiper-slide uagb-block-5b683714\"><div class=\"swiper-content\">\n<div class=\"wp-block-uagb-container uagb-block-0022131e\">\n<div class=\"wp-block-uagb-image uagb-block-7f530e88 wp-block-uagb-image--layout-default wp-block-uagb-image--effect-static wp-block-uagb-image--align-none\"><figure class=\"wp-block-uagb-image__figure\"><img decoding=\"async\" srcset=\"https:\/\/sanvicente.edu.pe\/inicio\/wp-content\/uploads\/2025\/12\/gimnasia-ritmica-1024x683.jpg ,https:\/\/sanvicente.edu.pe\/inicio\/wp-content\/uploads\/2025\/12\/gimnasia-ritmica-scaled.jpg 780w, https:\/\/sanvicente.edu.pe\/inicio\/wp-content\/uploads\/2025\/12\/gimnasia-ritmica-scaled.jpg 360w\" sizes=\"auto, (max-width: 480px) 150px\" src=\"https:\/\/sanvicente.edu.pe\/inicio\/wp-content\/uploads\/2025\/12\/gimnasia-ritmica-1024x683.jpg\" alt=\"\" class=\"uag-image-243831\" width=\"1024\" height=\"683\" title=\"gimnasia r\u00edtmica\" loading=\"lazy\" role=\"img\"\/><\/figure><\/div>\n<\/div>\n<\/div><\/div>\n<\/div><\/div><div class=\"swiper-pagination\"><\/div><div class=\"swiper-button-prev\"><\/div><div class=\"swiper-button-next\"><\/div><\/div>\n\n\n\n<div class=\"wp-block-uagb-info-box uagb-block-38856887 uagb-infobox__content-wrap  uagb-infobox-icon-above-title uagb-infobox-image-valign-top wp-block-uagb-info-box--has-margin\"><div class=\"uagb-infobox-margin-wrapper\"><div class=\"uagb-ifb-content\"><div class=\"uagb-ifb-title-wrap\"><span class=\"uagb-ifb-title-prefix\">02<\/span><h2 class=\"uagb-ifb-title\">Actividades Extracurriculares<\/h2><\/div><p class=\"uagb-ifb-desc\">En el Colegio San Vicente de Pa\u00fal &#8211; Tarma ofrecemos una variedad de actividades extracurriculares que complementan la formaci\u00f3n acad\u00e9mica de nuestros estudiantes. A trav\u00e9s de talleres deportivos, art\u00edsticos y culturales, ajedrez, promovemos el desarrollo integral de sus talentos, habilidades y valores, fomentando un ambiente de convivencia, creatividad y compromiso con el carisma vicentino.<\/p><\/div><\/div><\/div>\n<\/div>\n\n\n\n<div class=\"wp-block-uagb-container uagb-layout-grid uagb-block-91add4aa default uagb-is-root-container\">\n<div class=\"wp-block-uagb-info-box uagb-block-87dc43fa uagb-infobox__content-wrap  uagb-infobox-icon-above-title uagb-infobox-image-valign-top wp-block-uagb-info-box--has-margin\"><div class=\"uagb-infobox-margin-wrapper\"><div class=\"uagb-ifb-content\"><div class=\"uagb-ifb-title-wrap\"><span class=\"uagb-ifb-title-prefix\">03<\/span><h2 class=\"uagb-ifb-title\">Inclusi\u00f3n y Diversidad<\/h2><\/div><p class=\"uagb-ifb-desc\">En el Colegio San Vicente de Pa\u00fal &#8211; Tarma valoramos la inclusi\u00f3n y la diversidad como pilares fundamentales de nuestra comunidad educativa. Promovemos un ambiente respetuoso y acogedor donde cada estudiante, sin importar sus caracter\u00edsticas, capacidades o antecedentes, tiene la oportunidad de aprender, crecer y desarrollarse plenamente. Nuestro compromiso es garantizar la igualdad de oportunidades, fomentando la empat\u00eda, el respeto y la valoraci\u00f3n de las diferencias como fuente de enriquecimiento personal y colectivo.<\/p><\/div><\/div><\/div>\n\n\n\n<div class=\"wp-block-uagb-slider uagb-block-97b89eb7 uagb-slider-container\"><div class=\"uagb-slides uagb-swiper\"><div class=\"swiper-wrapper\">\n<div class=\"wp-block-uagb-slider-child uagb-slider-child-wrap swiper-slide uagb-block-62e0b4a1\"><div class=\"swiper-content\">\n<div class=\"wp-block-uagb-container uagb-block-867a2c56\">\n<div class=\"wp-block-uagb-image uagb-block-fe3b4d40 wp-block-uagb-image--layout-default wp-block-uagb-image--effect-static wp-block-uagb-image--align-none\"><figure class=\"wp-block-uagb-image__figure\"><img decoding=\"async\" srcset=\"https:\/\/sanvicente.edu.pe\/inicio\/wp-content\/uploads\/2025\/12\/reconocimientos-1024x683.jpg ,https:\/\/sanvicente.edu.pe\/inicio\/wp-content\/uploads\/2025\/12\/reconocimientos-scaled.jpg 780w, https:\/\/sanvicente.edu.pe\/inicio\/wp-content\/uploads\/2025\/12\/reconocimientos-scaled.jpg 360w\" sizes=\"auto, (max-width: 480px) 150px\" src=\"https:\/\/sanvicente.edu.pe\/inicio\/wp-content\/uploads\/2025\/12\/reconocimientos-1024x683.jpg\" alt=\"\" class=\"uag-image-243829\" width=\"1024\" height=\"683\" title=\"reconocimientos\" loading=\"lazy\" role=\"img\"\/><\/figure><\/div>\n<\/div>\n<\/div><\/div>\n\n\n\n<div class=\"wp-block-uagb-slider-child uagb-slider-child-wrap swiper-slide uagb-block-25c51084\"><div class=\"swiper-content\">\n<div class=\"wp-block-uagb-container uagb-block-9ad3bcca\">\n<div class=\"wp-block-uagb-image uagb-block-d5ef6dce wp-block-uagb-image--layout-default wp-block-uagb-image--effect-static wp-block-uagb-image--align-none\"><figure class=\"wp-block-uagb-image__figure\"><img decoding=\"async\" srcset=\"https:\/\/sanvicente.edu.pe\/inicio\/wp-content\/uploads\/2025\/12\/reconocimientos-1-1024x683.jpg ,https:\/\/sanvicente.edu.pe\/inicio\/wp-content\/uploads\/2025\/12\/reconocimientos-1-scaled.jpg 780w, https:\/\/sanvicente.edu.pe\/inicio\/wp-content\/uploads\/2025\/12\/reconocimientos-1-scaled.jpg 360w\" sizes=\"auto, (max-width: 480px) 150px\" src=\"https:\/\/sanvicente.edu.pe\/inicio\/wp-content\/uploads\/2025\/12\/reconocimientos-1-1024x683.jpg\" alt=\"\" class=\"uag-image-243828\" width=\"1024\" height=\"683\" title=\"reconocimientos (1)\" loading=\"lazy\" role=\"img\"\/><\/figure><\/div>\n<\/div>\n<\/div><\/div>\n\n\n\n<div class=\"wp-block-uagb-slider-child uagb-slider-child-wrap swiper-slide uagb-block-72f637ac\"><div class=\"swiper-content\">\n<div class=\"wp-block-uagb-container uagb-block-d23c5c6d\">\n<div class=\"wp-block-uagb-image uagb-block-df8eddc7 wp-block-uagb-image--layout-default wp-block-uagb-image--effect-static wp-block-uagb-image--align-none\"><figure class=\"wp-block-uagb-image__figure\"><img decoding=\"async\" srcset=\"https:\/\/sanvicente.edu.pe\/inicio\/wp-content\/uploads\/2025\/12\/reconocimientos-2-1024x683.jpg ,https:\/\/sanvicente.edu.pe\/inicio\/wp-content\/uploads\/2025\/12\/reconocimientos-2-scaled.jpg 780w, https:\/\/sanvicente.edu.pe\/inicio\/wp-content\/uploads\/2025\/12\/reconocimientos-2-scaled.jpg 360w\" sizes=\"auto, (max-width: 480px) 150px\" src=\"https:\/\/sanvicente.edu.pe\/inicio\/wp-content\/uploads\/2025\/12\/reconocimientos-2-1024x683.jpg\" alt=\"\" class=\"uag-image-243827\" width=\"1024\" height=\"683\" title=\"reconocimientos (2)\" loading=\"lazy\" role=\"img\"\/><\/figure><\/div>\n<\/div>\n<\/div><\/div>\n<\/div><\/div><div class=\"swiper-pagination\"><\/div><div class=\"swiper-button-prev\"><\/div><div class=\"swiper-button-next\"><\/div><\/div>\n<\/div>\n\n\n\n<div class=\"wp-block-uagb-container uagb-layout-grid uagb-block-d40cbe4f default uagb-is-root-container\">\n<div class=\"wp-block-uagb-slider uagb-block-e792cb5c uagb-slider-container\"><div class=\"uagb-slides uagb-swiper\"><div class=\"swiper-wrapper\">\n<div class=\"wp-block-uagb-slider-child uagb-slider-child-wrap swiper-slide uagb-block-1919a0ae\"><div class=\"swiper-content\">\n<div class=\"wp-block-uagb-container uagb-block-4860da95\">\n<div class=\"wp-block-uagb-image uagb-block-888e9216 wp-block-uagb-image--layout-default wp-block-uagb-image--effect-static wp-block-uagb-image--align-none\"><figure class=\"wp-block-uagb-image__figure\"><img decoding=\"async\" srcset=\"https:\/\/sanvicente.edu.pe\/inicio\/wp-content\/uploads\/2025\/12\/DIA-DE-LA-SALUD-MENTAL-1024x683.jpg ,https:\/\/sanvicente.edu.pe\/inicio\/wp-content\/uploads\/2025\/12\/DIA-DE-LA-SALUD-MENTAL-scaled.jpg 780w, https:\/\/sanvicente.edu.pe\/inicio\/wp-content\/uploads\/2025\/12\/DIA-DE-LA-SALUD-MENTAL-scaled.jpg 360w\" sizes=\"auto, (max-width: 480px) 150px\" src=\"https:\/\/sanvicente.edu.pe\/inicio\/wp-content\/uploads\/2025\/12\/DIA-DE-LA-SALUD-MENTAL-1024x683.jpg\" alt=\"\" class=\"uag-image-243825\" width=\"1024\" height=\"683\" title=\"D\u00cdA DE LA SALUD MENTAL\" loading=\"lazy\" role=\"img\"\/><\/figure><\/div>\n<\/div>\n<\/div><\/div>\n\n\n\n<div class=\"wp-block-uagb-slider-child uagb-slider-child-wrap swiper-slide uagb-block-80117567\"><div class=\"swiper-content\">\n<div class=\"wp-block-uagb-container uagb-block-03ad28b9\">\n<div class=\"wp-block-uagb-image uagb-block-def48e00 wp-block-uagb-image--layout-default wp-block-uagb-image--effect-static wp-block-uagb-image--align-none\"><figure class=\"wp-block-uagb-image__figure\"><img decoding=\"async\" srcset=\"https:\/\/sanvicente.edu.pe\/inicio\/wp-content\/uploads\/2025\/12\/festival-de-matematicas-2-1024x683.jpg ,https:\/\/sanvicente.edu.pe\/inicio\/wp-content\/uploads\/2025\/12\/festival-de-matematicas-2-scaled.jpg 780w, https:\/\/sanvicente.edu.pe\/inicio\/wp-content\/uploads\/2025\/12\/festival-de-matematicas-2-scaled.jpg 360w\" sizes=\"auto, (max-width: 480px) 150px\" src=\"https:\/\/sanvicente.edu.pe\/inicio\/wp-content\/uploads\/2025\/12\/festival-de-matematicas-2-1024x683.jpg\" alt=\"\" class=\"uag-image-243826\" width=\"1024\" height=\"683\" title=\"festival de matem\u00e1ticas (2)\" loading=\"lazy\" role=\"img\"\/><\/figure><\/div>\n<\/div>\n<\/div><\/div>\n\n\n\n<div class=\"wp-block-uagb-slider-child uagb-slider-child-wrap swiper-slide uagb-block-a801fbed\"><div class=\"swiper-content\">\n<div class=\"wp-block-uagb-container uagb-block-b36d98f9\">\n<div class=\"wp-block-uagb-image uagb-block-4e53dfde wp-block-uagb-image--layout-default wp-block-uagb-image--effect-static wp-block-uagb-image--align-none\"><figure class=\"wp-block-uagb-image__figure\"><img decoding=\"async\" srcset=\"https:\/\/sanvicente.edu.pe\/inicio\/wp-content\/uploads\/2025\/12\/dia-contra-el-bullying-1024x683.jpg ,https:\/\/sanvicente.edu.pe\/inicio\/wp-content\/uploads\/2025\/12\/dia-contra-el-bullying-scaled.jpg 780w, https:\/\/sanvicente.edu.pe\/inicio\/wp-content\/uploads\/2025\/12\/dia-contra-el-bullying-scaled.jpg 360w\" sizes=\"auto, (max-width: 480px) 150px\" src=\"https:\/\/sanvicente.edu.pe\/inicio\/wp-content\/uploads\/2025\/12\/dia-contra-el-bullying-1024x683.jpg\" alt=\"\" class=\"uag-image-243824\" width=\"462\" height=\"308\" title=\"d\u00eda contra el bullying\" loading=\"lazy\" role=\"img\"\/><\/figure><\/div>\n<\/div>\n<\/div><\/div>\n<\/div><\/div><div class=\"swiper-pagination\"><\/div><div class=\"swiper-button-prev\"><\/div><div class=\"swiper-button-next\"><\/div><\/div>\n\n\n\n<div class=\"wp-block-uagb-info-box uagb-block-43b61b56 uagb-infobox__content-wrap  uagb-infobox-icon-above-title uagb-infobox-image-valign-top wp-block-uagb-info-box--has-margin\"><div class=\"uagb-infobox-margin-wrapper\"><div class=\"uagb-ifb-content\"><div class=\"uagb-ifb-title-wrap\"><span class=\"uagb-ifb-title-prefix\">04<\/span><h2 class=\"uagb-ifb-title\">Asesor\u00eda Psicopedag\u00f3gica<\/h2><\/div><p class=\"uagb-ifb-desc\">En el Colegio San Vicente de Pa\u00fal &#8211; Tarma ofrecemos un servicio de asesor\u00eda psicopedag\u00f3gica orientado a identificar y atender las necesidades individuales de cada estudiante. A trav\u00e9s de diagn\u00f3sticos personalizados y acompa\u00f1amiento continuo, promovemos el desarrollo integral, fortaleciendo sus habilidades cognitivas, emocionales y sociales, siempre enmarcados en el carisma vicentino y con el compromiso de brindar apoyo efectivo para su bienestar y \u00e9xito acad\u00e9mico.<\/p><\/div><\/div><\/div>\n<\/div>\n<\/div><\/div>\n\n\n\n<div class=\"wp-block-uagb-container uagb-layout-grid uagb-block-d17d52f5 alignfull uagb-is-root-container\"><div class=\"uagb-container-inner-blocks-wrap\">\n<div class=\"wp-block-uagb-image uagb-block-f5c79397 wp-block-uagb-image--layout-default wp-block-uagb-image--effect-static wp-block-uagb-image--align-none uag-hide-mob\"><figure class=\"wp-block-uagb-image__figure\"><img decoding=\"async\" srcset=\"https:\/\/sanvicente.edu.pe\/inicio\/wp-content\/uploads\/2025\/05\/Foot_1-1024x683.jpg ,https:\/\/sanvicente.edu.pe\/inicio\/wp-content\/uploads\/2025\/05\/Foot_1.jpg 780w, https:\/\/sanvicente.edu.pe\/inicio\/wp-content\/uploads\/2025\/05\/Foot_1.jpg 360w\" sizes=\"auto, (max-width: 480px) 150px\" src=\"https:\/\/sanvicente.edu.pe\/inicio\/wp-content\/uploads\/2025\/05\/Foot_1-1024x683.jpg\" alt=\"\" class=\"uag-image-243299\" width=\"180\" height=\"180\" title=\"Foot_1\" loading=\"lazy\" role=\"img\"\/><\/figure><\/div>\n\n\n\n<div class=\"wp-block-uagb-info-box uagb-block-e0e0877b uagb-infobox__content-wrap  uagb-infobox-icon-above-title uagb-infobox-image-valign-top wp-block-uagb-info-box--has-margin\"><div class=\"uagb-infobox-margin-wrapper\"><div class=\"uagb-ifb-content\"><div class=\"uagb-ifb-title-wrap\"><h2 class=\"uagb-ifb-title\">\u00a1Inscribete hoy y asegura el futuro de tu hijo!<\/h2><\/div><p class=\"uagb-ifb-desc\">No pierdas la oportunidad de ofrecer la mejor educaci\u00f3n y desarrollo personal a tus hijos en un ambiente seguro y estimulante.<\/p><div class=\"uagb-ifb-button-wrapper wp-block-button\"><a href=\"https:\/\/sanvicente.edu.pe\/inicio\/contact\/\" class=\"uagb-infobox-cta-link wp-block-button__link\" target=\"_self\" rel=\"noopener noreferrer\" onclick=\"return true;\"><span class=\"uagb-inline-editing\">Cont\u00e1ctanos ahora<\/span><\/a><\/div><\/div><\/div><\/div>\n\n\n\n<div class=\"wp-block-uagb-image aligncenter uagb-block-7baf2f18 wp-block-uagb-image--layout-default wp-block-uagb-image--effect-static wp-block-uagb-image--align-center uag-hide-mob\"><figure class=\"wp-block-uagb-image__figure\"><img decoding=\"async\" srcset=\"https:\/\/sanvicente.edu.pe\/inicio\/wp-content\/uploads\/2025\/05\/Foot_2-1024x1024.jpg ,https:\/\/sanvicente.edu.pe\/inicio\/wp-content\/uploads\/2025\/05\/Foot_2.jpg 780w, https:\/\/sanvicente.edu.pe\/inicio\/wp-content\/uploads\/2025\/05\/Foot_2.jpg 360w\" sizes=\"auto, (max-width: 480px) 150px\" src=\"https:\/\/sanvicente.edu.pe\/inicio\/wp-content\/uploads\/2025\/05\/Foot_2-1024x1024.jpg\" alt=\"\" class=\"uag-image-243300\" width=\"180\" height=\"180\" title=\"Foot_2\" loading=\"lazy\" role=\"img\"\/><\/figure><\/div>\n<\/div><\/div>\n","protected":false},"excerpt":{"rendered":"<p>Descubre lo que ofrecemos<\/p>\n","protected":false},"author":1,"featured_media":0,"parent":0,"menu_order":0,"comment_status":"closed","ping_status":"closed","template":"","meta":{"_uag_custom_page_level_css":"","site-sidebar-layout":"default","site-content-layout":"","ast-site-content-layout":"default","site-content-style":"default","site-sidebar-style":"default","ast-global-header-display":"","ast-banner-title-visibility":"","ast-main-header-display":"","ast-hfb-above-header-display":"","ast-hfb-below-header-display":"","ast-hfb-mobile-header-display":"","site-post-title":"disabled","ast-breadcrumbs-content":"","ast-featured-img":"","footer-sml-layout":"","ast-disable-related-posts":"","theme-transparent-header-meta":"enabled","adv-header-id-meta":"","stick-header-meta":"","header-above-stick-meta":"","header-main-stick-meta":"","header-below-stick-meta":"","astra-migrate-meta-layouts":"default","ast-page-background-enabled":"default","ast-page-background-meta":{"desktop":{"background-color":"var(--ast-global-color-5)","background-image":"","background-repeat":"repeat","background-position":"center center","background-size":"auto","background-attachment":"scroll","background-type":"","background-media":"","overlay-type":"","overlay-color":"","overlay-opacity":"","overlay-gradient":""},"tablet":{"background-color":"","background-image":"","background-repeat":"repeat","background-position":"center center","background-size":"auto","background-attachment":"scroll","background-type":"","background-media":"","overlay-type":"","overlay-color":"","overlay-opacity":"","overlay-gradient":""},"mobile":{"background-color":"","background-image":"","background-repeat":"repeat","background-position":"center center","background-size":"auto","background-attachment":"scroll","background-type":"","background-media":"","overlay-type":"","overlay-color":"","overlay-opacity":"","overlay-gradient":""}},"ast-content-background-meta":{"desktop":{"background-color":"var(--ast-global-color-4)","background-image":"","background-repeat":"repeat","background-position":"center center","background-size":"auto","background-attachment":"scroll","background-type":"","background-media":"","overlay-type":"","overlay-color":"","overlay-opacity":"","overlay-gradient":""},"tablet":{"background-color":"var(--ast-global-color-4)","background-image":"","background-repeat":"repeat","background-position":"center center","background-size":"auto","background-attachment":"scroll","background-type":"","background-media":"","overlay-type":"","overlay-color":"","overlay-opacity":"","overlay-gradient":""},"mobile":{"background-color":"var(--ast-global-color-4)","background-image":"","background-repeat":"repeat","background-position":"center center","background-size":"auto","background-attachment":"scroll","background-type":"","background-media":"","overlay-type":"","overlay-color":"","overlay-opacity":"","overlay-gradient":""}},"footnotes":""},"class_list":["post-12","page","type-page","status-publish","hentry"],"uagb_featured_image_src":{"full":false,"thumbnail":false,"medium":false,"medium_large":false,"large":false,"1536x1536":false,"2048x2048":false},"uagb_author_info":{"display_name":"admin","author_link":"https:\/\/sanvicente.edu.pe\/inicio\/author\/admin_sv\/"},"uagb_comment_info":0,"uagb_excerpt":"Descubre lo que ofrecemos","_links":{"self":[{"href":"https:\/\/sanvicente.edu.pe\/inicio\/wp-json\/wp\/v2\/pages\/12","targetHints":{"allow":["GET"]}}],"collection":[{"href":"https:\/\/sanvicente.edu.pe\/inicio\/wp-json\/wp\/v2\/pages"}],"about":[{"href":"https:\/\/sanvicente.edu.pe\/inicio\/wp-json\/wp\/v2\/types\/page"}],"author":[{"embeddable":true,"href":"https:\/\/sanvicente.edu.pe\/inicio\/wp-json\/wp\/v2\/users\/1"}],"replies":[{"embeddable":true,"href":"https:\/\/sanvicente.edu.pe\/inicio\/wp-json\/wp\/v2\/comments?post=12"}],"version-history":[{"count":15,"href":"https:\/\/sanvicente.edu.pe\/inicio\/wp-json\/wp\/v2\/pages\/12\/revisions"}],"predecessor-version":[{"id":243835,"href":"https:\/\/sanvicente.edu.pe\/inicio\/wp-json\/wp\/v2\/pages\/12\/revisions\/243835"}],"wp:attachment":[{"href":"https:\/\/sanvicente.edu.pe\/inicio\/wp-json\/wp\/v2\/media?parent=12"}],"curies":[{"name":"wp","href":"https:\/\/api.w.org\/{rel}","templated":true}]}}