{"id":11,"date":"2025-05-26T10:31:23","date_gmt":"2025-05-26T15:31:23","guid":{"rendered":"https:\/\/sanvicente.edu.pe\/inicio\/about\/"},"modified":"2025-10-27T09:14:13","modified_gmt":"2025-10-27T14:14:13","slug":"about","status":"publish","type":"page","link":"https:\/\/sanvicente.edu.pe\/inicio\/about\/","title":{"rendered":"Nosotros"},"content":{"rendered":"\n<div class=\"wp-block-uagb-container uagb-layout-flex uagb-block-edf9ad47 alignfull uagb-is-root-container\"><div class=\"uagb-container-inner-blocks-wrap\">\n<div class=\"wp-block-uagb-advanced-heading uagb-block-022836bc\"><h1 class=\"uagb-heading-text\">Nuestra Misi\u00f3n y Visi\u00f3n Educativa<\/h1><\/div>\n<\/div><\/div>\n\n\n\n<div class=\"wp-block-uagb-container uagb-layout-grid uagb-block-889b654d alignfull uagb-is-root-container\"><div class=\"uagb-container-inner-blocks-wrap\">\n<div class=\"wp-block-uagb-advanced-heading uagb-block-1f8f3c3f\"><h2 class=\"uagb-heading-text\">Instituci\u00f3n Educativa Reconocida y Comprometida<\/h2><\/div>\n\n\n\n<div class=\"wp-block-uagb-container uagb-layout-flex uagb-block-63e0ef61\">\n<div class=\"wp-block-uagb-advanced-heading uagb-block-11111ede\"><h3 class=\"uagb-heading-text\">En el Colegio San Vicente de Pa\u00fal, hemos transformado la vida de cientos de estudiantes, preparando l\u00edderes del ma\u00f1ana con una s\u00f3lida formaci\u00f3n integral.<\/h3><p class=\"uagb-desc-text\">Contamos con un equipo docente altamente calificado y programas que buscan  potenciar el desarrollo acad\u00e9mico y personal de los estudiantes, siempre con un enfoque en la excelencia educativa y el respeto por la diversidad, siguiendo el modelo de <strong>San Vicente de Pa\u00fal<\/strong>.<\/p><\/div>\n<\/div>\n\n\n\n<div class=\"wp-block-uagb-container uagb-block-1f905456\">\n<div class=\"wp-block-uagb-image alignleft uagb-block-5d6e02fa wp-block-uagb-image--layout-default wp-block-uagb-image--effect-static wp-block-uagb-image--align-left\"><figure class=\"wp-block-uagb-image__figure\"><img decoding=\"async\" srcset=\"https:\/\/sanvicente.edu.pe\/inicio\/wp-content\/uploads\/2025\/05\/ERC-e1748289760777-1024x326.jpg ,https:\/\/sanvicente.edu.pe\/inicio\/wp-content\/uploads\/2025\/05\/ERC-e1748289760777.jpg 780w, https:\/\/sanvicente.edu.pe\/inicio\/wp-content\/uploads\/2025\/05\/ERC-e1748289760777.jpg 360w\" sizes=\"auto, (max-width: 480px) 150px\" src=\"https:\/\/sanvicente.edu.pe\/inicio\/wp-content\/uploads\/2025\/05\/ERC-e1748289760777-1024x326.jpg\" alt=\"\" class=\"uag-image-243344\" width=\"1200\" height=\"450\" title=\"ERC\" loading=\"lazy\" role=\"img\"\/><\/figure><\/div>\n<\/div>\n<\/div><\/div>\n\n\n\n<div class=\"wp-block-uagb-container uagb-layout-grid uagb-block-ff28d7e0 alignfull uagb-is-root-container\"><div class=\"uagb-container-inner-blocks-wrap\">\n<div class=\"wp-block-uagb-advanced-heading uagb-block-770336da\"><h3 class=\"uagb-heading-text\">Nuestra Misi\u00f3n<\/h3><p class=\"uagb-desc-text\">\u201cSomos una Colegio, de la Congregaci\u00f3n de la Misi\u00f3n, que brinda a sus estudiantes una formaci\u00f3n integral para la vida a imagen de Jesucristo, evangelizador y servidor de los pobres, en orden a ser agentes de transformaci\u00f3n en una sociedad globalizada y en cambio permanente seg\u00fan nuestra axiolog\u00eda: AMAR, EVANGELIZAR Y SABER\u201d<\/p><\/div>\n\n\n\n<div class=\"wp-block-uagb-advanced-heading uagb-block-f1a98bc0\"><h3 class=\"uagb-heading-text\">Nuestra Visi\u00f3n<\/h3><p class=\"uagb-desc-text\">Al 2025 ser una Comunidad Educativa testimonial, imbuida en una cultura de mejora continua, que forma l\u00edderes cristianos, innovadores, comprometidos con la justicia y el cuidado del medio ambiente, que asuman su rol transformador en la sociedad desde el desarrollo de competencias, la vivencia del evangelio y el carisma vicentino; contando para ello con personal cualificado y la infraestructura e implementaci\u00f3n de acuerdo a las necesidades y exigencias de una educaci\u00f3n humanista, cient\u00edfica, tecnol\u00f3gica y trascendente.<\/p><\/div>\n\n\n\n<div class=\"wp-block-uagb-image alignright uagb-block-5155eb65 wp-block-uagb-image--layout-default wp-block-uagb-image--effect-static wp-block-uagb-image--align-right\"><figure class=\"wp-block-uagb-image__figure\"><img decoding=\"async\" srcset=\"https:\/\/sanvicente.edu.pe\/inicio\/wp-content\/uploads\/2025\/05\/compromise-1024x683.jpg ,https:\/\/sanvicente.edu.pe\/inicio\/wp-content\/uploads\/2025\/05\/compromise-e1748288845985.jpg 780w, https:\/\/sanvicente.edu.pe\/inicio\/wp-content\/uploads\/2025\/05\/compromise-e1748288845985.jpg 360w\" sizes=\"auto, (max-width: 480px) 150px\" src=\"https:\/\/sanvicente.edu.pe\/inicio\/wp-content\/uploads\/2025\/05\/compromise-1024x683.jpg\" alt=\"\" class=\"uag-image-243324\" width=\"400\" height=\"460\" title=\"compromise\" loading=\"lazy\" role=\"img\"\/><\/figure><\/div>\n<\/div><\/div>\n\n\n\n<div class=\"wp-block-uagb-container uagb-layout-grid uagb-block-ec9486ee default uagb-is-root-container\">\n<div class=\"wp-block-uagb-slider uagb-block-9b2598a5 uagb-slider-container\"><div class=\"uagb-slides uagb-swiper\"><div class=\"swiper-wrapper\">\n<div class=\"wp-block-uagb-slider-child uagb-slider-child-wrap swiper-slide uagb-block-1a771800\"><div class=\"swiper-content\">\n<div class=\"wp-block-uagb-container uagb-block-83a00522\">\n<figure class=\"wp-block-image size-full\"><img loading=\"lazy\" decoding=\"async\" width=\"800\" height=\"535\" src=\"https:\/\/sanvicente.edu.pe\/inicio\/wp-content\/uploads\/2025\/05\/sv.jpg\" alt=\"\" class=\"wp-image-243361\" srcset=\"https:\/\/sanvicente.edu.pe\/inicio\/wp-content\/uploads\/2025\/05\/sv.jpg 800w, https:\/\/sanvicente.edu.pe\/inicio\/wp-content\/uploads\/2025\/05\/sv-300x201.jpg 300w, https:\/\/sanvicente.edu.pe\/inicio\/wp-content\/uploads\/2025\/05\/sv-768x514.jpg 768w\" sizes=\"auto, (max-width: 800px) 100vw, 800px\" \/><\/figure>\n<\/div>\n<\/div><\/div>\n\n\n\n<div class=\"wp-block-uagb-slider-child uagb-slider-child-wrap swiper-slide uagb-block-78599cdc\"><div class=\"swiper-content\">\n<div class=\"wp-block-uagb-container uagb-block-7419240d\">\n<figure class=\"wp-block-image size-full\"><img loading=\"lazy\" decoding=\"async\" width=\"1600\" height=\"1066\" src=\"https:\/\/sanvicente.edu.pe\/inicio\/wp-content\/uploads\/2025\/05\/H_1.jpg\" alt=\"\" class=\"wp-image-243630\" srcset=\"https:\/\/sanvicente.edu.pe\/inicio\/wp-content\/uploads\/2025\/05\/H_1.jpg 1600w, https:\/\/sanvicente.edu.pe\/inicio\/wp-content\/uploads\/2025\/05\/H_1-300x200.jpg 300w, https:\/\/sanvicente.edu.pe\/inicio\/wp-content\/uploads\/2025\/05\/H_1-1024x682.jpg 1024w, https:\/\/sanvicente.edu.pe\/inicio\/wp-content\/uploads\/2025\/05\/H_1-768x512.jpg 768w, https:\/\/sanvicente.edu.pe\/inicio\/wp-content\/uploads\/2025\/05\/H_1-1536x1023.jpg 1536w\" sizes=\"auto, (max-width: 1600px) 100vw, 1600px\" \/><\/figure>\n<\/div>\n<\/div><\/div>\n\n\n\n<div class=\"wp-block-uagb-slider-child uagb-slider-child-wrap swiper-slide uagb-block-405e9871\"><div class=\"swiper-content\">\n<div class=\"wp-block-uagb-container uagb-block-d73ca346\">\n<figure class=\"wp-block-image size-large\"><img loading=\"lazy\" decoding=\"async\" width=\"1024\" height=\"768\" src=\"https:\/\/sanvicente.edu.pe\/inicio\/wp-content\/uploads\/2025\/05\/sv3-1024x768.jpg\" alt=\"\" class=\"wp-image-243364\" srcset=\"https:\/\/sanvicente.edu.pe\/inicio\/wp-content\/uploads\/2025\/05\/sv3-1024x768.jpg 1024w, https:\/\/sanvicente.edu.pe\/inicio\/wp-content\/uploads\/2025\/05\/sv3-300x225.jpg 300w, https:\/\/sanvicente.edu.pe\/inicio\/wp-content\/uploads\/2025\/05\/sv3-768x576.jpg 768w, https:\/\/sanvicente.edu.pe\/inicio\/wp-content\/uploads\/2025\/05\/sv3-1536x1152.jpg 1536w, https:\/\/sanvicente.edu.pe\/inicio\/wp-content\/uploads\/2025\/05\/sv3.jpg 1600w\" sizes=\"auto, (max-width: 1024px) 100vw, 1024px\" \/><\/figure>\n<\/div>\n<\/div><\/div>\n<\/div><\/div><div class=\"swiper-pagination\"><\/div><div class=\"swiper-button-prev\"><\/div><div class=\"swiper-button-next\"><\/div><\/div>\n\n\n\n<div class=\"wp-block-uagb-info-box uagb-block-5a2bc621 uagb-infobox__content-wrap  uagb-infobox-icon-above-title uagb-infobox-image-valign-top wp-block-uagb-info-box--has-margin\"><div class=\"uagb-infobox-margin-wrapper\"><div class=\"uagb-ifb-content\"><div class=\"uagb-ifb-title-wrap\"><h2 class=\"uagb-ifb-title\">Historia del Colegio San Vicente de Pa\u00fal<\/h2><\/div><p class=\"uagb-ifb-desc\">Fundado en 1952, el Colegio San Vicente de Pa\u00fal ha recorrido un camino de crecimiento y excelencia educativa. Desde sus inicios, hemos trabajado incansablemente para ofrecer un entorno de aprendizaje inclusivo y de calidad, destacando en la formaci\u00f3n integral de nuestros estudiantes a lo largo de los a\u00f1os.<\/p><\/div><\/div><\/div>\n<\/div>\n\n\n\n<div class=\"wp-block-uagb-container uagb-block-0fdb2421 alignfull uagb-is-root-container\"><div class=\"uagb-container-inner-blocks-wrap\">\n<figure class=\"wp-block-image size-medium\"><img loading=\"lazy\" decoding=\"async\" width=\"300\" height=\"205\" src=\"https:\/\/sanvicente.edu.pe\/inicio\/wp-content\/uploads\/2025\/05\/TITULO-COLEGIO-1700-x-1000-px-1-300x205.png\" alt=\"\" class=\"wp-image-242792\" srcset=\"https:\/\/sanvicente.edu.pe\/inicio\/wp-content\/uploads\/2025\/05\/TITULO-COLEGIO-1700-x-1000-px-1-300x205.png 300w, https:\/\/sanvicente.edu.pe\/inicio\/wp-content\/uploads\/2025\/05\/TITULO-COLEGIO-1700-x-1000-px-1-1024x700.png 1024w, https:\/\/sanvicente.edu.pe\/inicio\/wp-content\/uploads\/2025\/05\/TITULO-COLEGIO-1700-x-1000-px-1-768x525.png 768w, https:\/\/sanvicente.edu.pe\/inicio\/wp-content\/uploads\/2025\/05\/TITULO-COLEGIO-1700-x-1000-px-1.png 1200w\" sizes=\"auto, (max-width: 300px) 100vw, 300px\" \/><\/figure>\n<\/div><\/div>\n\n\n\n<div class=\"wp-block-uagb-container uagb-layout-grid uagb-block-d17d52f5 alignfull uagb-is-root-container\"><div class=\"uagb-container-inner-blocks-wrap\">\n<div class=\"wp-block-uagb-image uagb-block-f5c79397 wp-block-uagb-image--layout-default wp-block-uagb-image--effect-static wp-block-uagb-image--align-none uag-hide-mob\"><figure class=\"wp-block-uagb-image__figure\"><img decoding=\"async\" srcset=\"https:\/\/sanvicente.edu.pe\/inicio\/wp-content\/uploads\/2025\/05\/Foot_1-1024x683.jpg ,https:\/\/sanvicente.edu.pe\/inicio\/wp-content\/uploads\/2025\/05\/Foot_1.jpg 780w, https:\/\/sanvicente.edu.pe\/inicio\/wp-content\/uploads\/2025\/05\/Foot_1.jpg 360w\" sizes=\"auto, (max-width: 480px) 150px\" src=\"https:\/\/sanvicente.edu.pe\/inicio\/wp-content\/uploads\/2025\/05\/Foot_1-1024x683.jpg\" alt=\"\" class=\"uag-image-243299\" width=\"180\" height=\"180\" title=\"Foot_1\" loading=\"lazy\" role=\"img\"\/><\/figure><\/div>\n\n\n\n<div class=\"wp-block-uagb-info-box uagb-block-e0e0877b uagb-infobox__content-wrap  uagb-infobox-icon-above-title uagb-infobox-image-valign-top wp-block-uagb-info-box--has-margin\"><div class=\"uagb-infobox-margin-wrapper\"><div class=\"uagb-ifb-content\"><div class=\"uagb-ifb-title-wrap\"><h2 class=\"uagb-ifb-title\">\u00a1Inscribete hoy y asegura el futuro de tu hijo!<\/h2><\/div><p class=\"uagb-ifb-desc\">No pierdas la oportunidad de ofrecer la mejor educaci\u00f3n y desarrollo personal a tus hijos en un ambiente seguro y estimulante.<\/p><div class=\"uagb-ifb-button-wrapper wp-block-button\"><a href=\"https:\/\/sanvicente.edu.pe\/inicio\/contact\/\" class=\"uagb-infobox-cta-link wp-block-button__link\" target=\"_self\" rel=\"noopener noreferrer\" onclick=\"return true;\"><span class=\"uagb-inline-editing\">Cont\u00e1ctanos ahora<\/span><\/a><\/div><\/div><\/div><\/div>\n\n\n\n<div class=\"wp-block-uagb-image aligncenter uagb-block-7baf2f18 wp-block-uagb-image--layout-default wp-block-uagb-image--effect-static wp-block-uagb-image--align-center uag-hide-mob\"><figure class=\"wp-block-uagb-image__figure\"><img decoding=\"async\" srcset=\"https:\/\/sanvicente.edu.pe\/inicio\/wp-content\/uploads\/2025\/05\/Foot_2-1024x1024.jpg ,https:\/\/sanvicente.edu.pe\/inicio\/wp-content\/uploads\/2025\/05\/Foot_2.jpg 780w, https:\/\/sanvicente.edu.pe\/inicio\/wp-content\/uploads\/2025\/05\/Foot_2.jpg 360w\" sizes=\"auto, (max-width: 480px) 150px\" src=\"https:\/\/sanvicente.edu.pe\/inicio\/wp-content\/uploads\/2025\/05\/Foot_2-1024x1024.jpg\" alt=\"\" class=\"uag-image-243300\" width=\"180\" height=\"180\" title=\"Foot_2\" loading=\"lazy\" role=\"img\"\/><\/figure><\/div>\n<\/div><\/div>\n\n\n\n<p><\/p>\n","protected":false},"excerpt":{"rendered":"<p>Nuestra Misi\u00f3n y Visi\u00f3n Educativa Instituci\u00f3n Educativa Reconocida y Comprometida En el Colegio San Vicente de Pa\u00fal, hemos transformado la [&hellip;]<\/p>\n","protected":false},"author":1,"featured_media":0,"parent":0,"menu_order":0,"comment_status":"closed","ping_status":"closed","template":"","meta":{"_uag_custom_page_level_css":"","site-sidebar-layout":"default","site-content-layout":"","ast-site-content-layout":"default","site-content-style":"default","site-sidebar-style":"default","ast-global-header-display":"","ast-banner-title-visibility":"","ast-main-header-display":"","ast-hfb-above-header-display":"","ast-hfb-below-header-display":"","ast-hfb-mobile-header-display":"","site-post-title":"disabled","ast-breadcrumbs-content":"","ast-featured-img":"","footer-sml-layout":"","ast-disable-related-posts":"","theme-transparent-header-meta":"enabled","adv-header-id-meta":"","stick-header-meta":"","header-above-stick-meta":"","header-main-stick-meta":"","header-below-stick-meta":"","astra-migrate-meta-layouts":"default","ast-page-background-enabled":"default","ast-page-background-meta":{"desktop":{"background-color":"var(--ast-global-color-5)","background-image":"","background-repeat":"repeat","background-position":"center center","background-size":"auto","background-attachment":"scroll","background-type":"","background-media":"","overlay-type":"","overlay-color":"","overlay-opacity":"","overlay-gradient":""},"tablet":{"background-color":"","background-image":"","background-repeat":"repeat","background-position":"center center","background-size":"auto","background-attachment":"scroll","background-type":"","background-media":"","overlay-type":"","overlay-color":"","overlay-opacity":"","overlay-gradient":""},"mobile":{"background-color":"","background-image":"","background-repeat":"repeat","background-position":"center center","background-size":"auto","background-attachment":"scroll","background-type":"","background-media":"","overlay-type":"","overlay-color":"","overlay-opacity":"","overlay-gradient":""}},"ast-content-background-meta":{"desktop":{"background-color":"var(--ast-global-color-4)","background-image":"","background-repeat":"repeat","background-position":"center center","background-size":"auto","background-attachment":"scroll","background-type":"","background-media":"","overlay-type":"","overlay-color":"","overlay-opacity":"","overlay-gradient":""},"tablet":{"background-color":"var(--ast-global-color-4)","background-image":"","background-repeat":"repeat","background-position":"center center","background-size":"auto","background-attachment":"scroll","background-type":"","background-media":"","overlay-type":"","overlay-color":"","overlay-opacity":"","overlay-gradient":""},"mobile":{"background-color":"var(--ast-global-color-4)","background-image":"","background-repeat":"repeat","background-position":"center center","background-size":"auto","background-attachment":"scroll","background-type":"","background-media":"","overlay-type":"","overlay-color":"","overlay-opacity":"","overlay-gradient":""}},"footnotes":""},"class_list":["post-11","page","type-page","status-publish","hentry"],"uagb_featured_image_src":{"full":false,"thumbnail":false,"medium":false,"medium_large":false,"large":false,"1536x1536":false,"2048x2048":false},"uagb_author_info":{"display_name":"admin","author_link":"https:\/\/sanvicente.edu.pe\/inicio\/author\/admin_sv\/"},"uagb_comment_info":0,"uagb_excerpt":"Nuestra Misi\u00f3n y Visi\u00f3n Educativa Instituci\u00f3n Educativa Reconocida y Comprometida En el Colegio San Vicente de Pa\u00fal, hemos transformado la [&hellip;]","_links":{"self":[{"href":"https:\/\/sanvicente.edu.pe\/inicio\/wp-json\/wp\/v2\/pages\/11","targetHints":{"allow":["GET"]}}],"collection":[{"href":"https:\/\/sanvicente.edu.pe\/inicio\/wp-json\/wp\/v2\/pages"}],"about":[{"href":"https:\/\/sanvicente.edu.pe\/inicio\/wp-json\/wp\/v2\/types\/page"}],"author":[{"embeddable":true,"href":"https:\/\/sanvicente.edu.pe\/inicio\/wp-json\/wp\/v2\/users\/1"}],"replies":[{"embeddable":true,"href":"https:\/\/sanvicente.edu.pe\/inicio\/wp-json\/wp\/v2\/comments?post=11"}],"version-history":[{"count":50,"href":"https:\/\/sanvicente.edu.pe\/inicio\/wp-json\/wp\/v2\/pages\/11\/revisions"}],"predecessor-version":[{"id":243823,"href":"https:\/\/sanvicente.edu.pe\/inicio\/wp-json\/wp\/v2\/pages\/11\/revisions\/243823"}],"wp:attachment":[{"href":"https:\/\/sanvicente.edu.pe\/inicio\/wp-json\/wp\/v2\/media?parent=11"}],"curies":[{"name":"wp","href":"https:\/\/api.w.org\/{rel}","templated":true}]}}